{"id":10658,"date":"2019-11-25T05:33:35","date_gmt":"2019-11-25T05:33:35","guid":{"rendered":"https:\/\/patrimonium.co\/servicios\/"},"modified":"2023-11-15T19:52:37","modified_gmt":"2023-11-15T19:52:37","slug":"servicos","status":"publish","type":"page","link":"https:\/\/patrimonium.co\/pt-br\/servicos\/","title":{"rendered":"Nossos servi\u00e7os"},"content":{"rendered":"\t\t<div data-elementor-type=\"wp-page\" data-elementor-id=\"10658\" class=\"elementor elementor-10658 elementor-6206\">\n\t\t\t\t\t\t<section class=\"elementor-section elementor-top-section elementor-element elementor-element-6e848aa elementor-section-boxed elementor-section-height-default elementor-section-height-default\" data-id=\"6e848aa\" data-element_type=\"section\" data-e-type=\"section\">\n\t\t\t\t\t\t<div class=\"elementor-container elementor-column-gap-default\">\n\t\t\t\t\t<div class=\"elementor-column elementor-col-100 elementor-top-column elementor-element elementor-element-7700b22\" data-id=\"7700b22\" data-element_type=\"column\" data-e-type=\"column\">\n\t\t\t<div class=\"elementor-widget-wrap elementor-element-populated\">\n\t\t\t\t\t\t<div class=\"elementor-element elementor-element-648200f elementor-widget__width-initial top-consulting-custom-title elementor-widget elementor-widget-vc_custom_heading\" data-id=\"648200f\" data-element_type=\"widget\" data-e-type=\"widget\" data-widget_type=\"vc_custom_heading.default\">\n\t\t\t\t<div class=\"elementor-widget-container\">\n\t\t\t\t\t<div class=\" vc_custom_heading  consulting_heading_font  text_align_center has_subtitle\" ><h2 style=\"text-align: center;font-weight:500\" class=\"consulting-custom-title\">Servi\u00e7os\n<span class=\"subtitle\">Consultoria Internacional e Assessoria Corporativa para Empresas, Fam\u00edlias e Individuos.<\/span><\/h2><\/div>\t\t\t\t<\/div>\n\t\t\t\t<\/div>\n\t\t\t\t\t<\/div>\n\t\t<\/div>\n\t\t\t\t\t<\/div>\n\t\t<\/section>\n\t\t\t\t<section class=\"elementor-section elementor-top-section elementor-element elementor-element-c6801ef elementor-section-boxed elementor-section-height-default elementor-section-height-default\" data-id=\"c6801ef\" data-element_type=\"section\" data-e-type=\"section\">\n\t\t\t\t\t\t<div class=\"elementor-container elementor-column-gap-default\">\n\t\t\t\t\t<div class=\"elementor-column elementor-col-100 elementor-top-column elementor-element elementor-element-c680627\" data-id=\"c680627\" data-element_type=\"column\" data-e-type=\"column\">\n\t\t\t<div class=\"elementor-widget-wrap elementor-element-populated\">\n\t\t\t\t\t\t<div class=\"elementor-element elementor-element-c680979 services-list elementor-widget elementor-widget-stm_services\" data-id=\"c680979\" data-element_type=\"widget\" data-e-type=\"widget\" data-widget_type=\"stm_services.default\">\n\t\t\t\t<div class=\"elementor-widget-container\">\n\t\t\t\t\t\n    <div class=\"stm_services consulting_elementor_services style_4 cols_3\">\n                    <div class=\"item\">\n                <div class=\"item_wr\">\n                                                                    <div class=\"item_thumbnail\">\n                            <a href=\"https:\/\/patrimonium.co\/pt-br\/service\/corporacoes\/\">\n                                <img src='https:\/\/patrimonium.co\/wp-content\/uploads\/elementor\/thumbs\/AdobeStock_623380233-scaled-qf7dm7qibjm9qwo4dvoligzu9wi82znvdm1x66dlqc.jpeg' alt='' \/>                                <div class=\"item_info\">\n                                    <h5>Corpora\u00e7\u00f5es<\/h5>\n                                    <span><i class=\"stm-lnr-arrow-right before-text\"><\/i>Read more <i class=\"stm-lnr-arrow-right\"><\/i><\/span>\n                                <\/div>\n                            <\/a>\n                        <\/div>\n                                    <\/div>\n            <\/div>\n                    <div class=\"item\">\n                <div class=\"item_wr\">\n                                                                    <div class=\"item_thumbnail\">\n                            <a href=\"https:\/\/patrimonium.co\/pt-br\/service\/protecao-de-ativos\/\">\n                                <img src='https:\/\/patrimonium.co\/wp-content\/uploads\/elementor\/thumbs\/AdobeStock_327600532-scaled-qf7dk2nqr4oravs2vyd6u0g1kb24jt5vr0k3thjvwk.jpeg' alt='' \/>                                <div class=\"item_info\">\n                                    <h5>Prote\u00e7\u00e3o de Ativos<\/h5>\n                                    <span><i class=\"stm-lnr-arrow-right before-text\"><\/i>Read more <i class=\"stm-lnr-arrow-right\"><\/i><\/span>\n                                <\/div>\n                            <\/a>\n                        <\/div>\n                                    <\/div>\n            <\/div>\n                    <div class=\"item\">\n                <div class=\"item_wr\">\n                                                                    <div class=\"item_thumbnail\">\n                            <a href=\"https:\/\/patrimonium.co\/pt-br\/service\/impostos\/\">\n                                <img src='https:\/\/patrimonium.co\/wp-content\/uploads\/elementor\/thumbs\/AdobeStock_468555226-scaled-qf7dna9w3r30yx454ucaup9qmp89ukwv6wstuisgn8.jpeg' alt='' \/>                                <div class=\"item_info\">\n                                    <h5>Impostos<\/h5>\n                                    <span><i class=\"stm-lnr-arrow-right before-text\"><\/i>Read more <i class=\"stm-lnr-arrow-right\"><\/i><\/span>\n                                <\/div>\n                            <\/a>\n                        <\/div>\n                                    <\/div>\n            <\/div>\n                    <div class=\"item\">\n                <div class=\"item_wr\">\n                                                                    <div class=\"item_thumbnail\">\n                            <a href=\"https:\/\/patrimonium.co\/pt-br\/service\/imobiliaria\/\">\n                                <img src='https:\/\/patrimonium.co\/wp-content\/uploads\/elementor\/thumbs\/AdobeStock_621711650-scaled-qf7dl574jc5iiw83mx0w68pxx3s6beevkbb0htyqtg.jpeg' alt='' \/>                                <div class=\"item_info\">\n                                    <h5>Imobili\u00e1ria<\/h5>\n                                    <span><i class=\"stm-lnr-arrow-right before-text\"><\/i>Read more <i class=\"stm-lnr-arrow-right\"><\/i><\/span>\n                                <\/div>\n                            <\/a>\n                        <\/div>\n                                    <\/div>\n            <\/div>\n                    <div class=\"item\">\n                <div class=\"item_wr\">\n                                                                    <div class=\"item_thumbnail\">\n                            <a href=\"https:\/\/patrimonium.co\/pt-br\/service\/investimento-bancario\/\">\n                                <img src='https:\/\/patrimonium.co\/wp-content\/uploads\/elementor\/thumbs\/AdobeStock_621130297-scaled-qf7dobvfp4ihvblj1aldmfs6e42yeh24o2w91l8pqc.jpeg' alt='' \/>                                <div class=\"item_info\">\n                                    <h5>Banco de Investimento<\/h5>\n                                    <span><i class=\"stm-lnr-arrow-right before-text\"><\/i>Read more <i class=\"stm-lnr-arrow-right\"><\/i><\/span>\n                                <\/div>\n                            <\/a>\n                        <\/div>\n                                    <\/div>\n            <\/div>\n                    <div class=\"item\">\n                <div class=\"item_wr\">\n                                                                    <div class=\"item_thumbnail\">\n                            <a href=\"https:\/\/patrimonium.co\/pt-br\/service\/internalizacao-de-empresas\/\">\n                                <img src='https:\/\/patrimonium.co\/wp-content\/uploads\/elementor\/thumbs\/AdobeStock_613459520-scaled-qf7diz6is36pr9dfahauxaeom4gpkit5ll5pnv6f5w.jpeg' alt='' \/>                                <div class=\"item_info\">\n                                    <h5>Internaliza\u00e7\u00e3o de empresas<\/h5>\n                                    <span><i class=\"stm-lnr-arrow-right before-text\"><\/i>Read more <i class=\"stm-lnr-arrow-right\"><\/i><\/span>\n                                <\/div>\n                            <\/a>\n                        <\/div>\n                                    <\/div>\n            <\/div>\n            <\/div>\n\t\t\t\t<\/div>\n\t\t\t\t<\/div>\n\t\t\t\t\t<\/div>\n\t\t<\/div>\n\t\t\t\t\t<\/div>\n\t\t<\/section>\n\t\t\t\t<\/div>\n\t\t","protected":false},"excerpt":{"rendered":"<p>Servi\u00e7os Consultoria Internacional e Assessoria Corporativa para Empresas, Fam\u00edlias e Individuos. Corpora\u00e7\u00f5es Read more Prote\u00e7\u00e3o de Ativos Read more Impostos Read more Imobili\u00e1ria Read more Investimento banc\u00e1rio Read more Internaliza\u00e7\u00e3o de empresas Read more<\/p>\n","protected":false},"author":2,"featured_media":0,"parent":0,"menu_order":0,"comment_status":"closed","ping_status":"closed","template":"","meta":{"footnotes":""},"class_list":["post-10658","page","type-page","status-publish","hentry"],"yoast_head":"<!-- This site is optimized with the Yoast SEO plugin v27.3 - https:\/\/yoast.com\/product\/yoast-seo-wordpress\/ -->\n<title>Nossos servi\u00e7os - Patrimonium<\/title>\n<meta name=\"robots\" content=\"index, follow, max-snippet:-1, max-image-preview:large, max-video-preview:-1\" \/>\n<link rel=\"canonical\" href=\"https:\/\/patrimonium.co\/pt-br\/servicos\/\" \/>\n<meta property=\"og:locale\" content=\"pt_BR\" \/>\n<meta property=\"og:type\" content=\"article\" \/>\n<meta property=\"og:title\" content=\"Nossos servi\u00e7os - Patrimonium\" \/>\n<meta property=\"og:description\" content=\"Servi\u00e7os Consultoria Internacional e Assessoria Corporativa para Empresas, Fam\u00edlias e Individuos. Corpora\u00e7\u00f5es Read more Prote\u00e7\u00e3o de Ativos Read more Impostos Read more Imobili\u00e1ria Read more Investimento banc\u00e1rio Read more Internaliza\u00e7\u00e3o de empresas Read more\" \/>\n<meta property=\"og:url\" content=\"https:\/\/patrimonium.co\/pt-br\/servicos\/\" \/>\n<meta property=\"og:site_name\" content=\"Patrimonium\" \/>\n<meta property=\"article:modified_time\" content=\"2023-11-15T19:52:37+00:00\" \/>\n<meta property=\"og:image\" content=\"https:\/\/patrimonium.co\/wp-content\/uploads\/elementor\/thumbs\/AdobeStock_623380233-scaled-qf7dm7qibjm9qwo4dvoligzu9wi82znvdm1x66dlqc.jpeg\" \/>\n<meta name=\"twitter:card\" content=\"summary_large_image\" \/>\n<script type=\"application\/ld+json\" class=\"yoast-schema-graph\">{\"@context\":\"https:\\\/\\\/schema.org\",\"@graph\":[{\"@type\":\"WebPage\",\"@id\":\"https:\\\/\\\/patrimonium.co\\\/pt-br\\\/servicos\\\/\",\"url\":\"https:\\\/\\\/patrimonium.co\\\/pt-br\\\/servicos\\\/\",\"name\":\"Nossos servi\u00e7os - Patrimonium\",\"isPartOf\":{\"@id\":\"https:\\\/\\\/patrimonium.co\\\/#website\"},\"primaryImageOfPage\":{\"@id\":\"https:\\\/\\\/patrimonium.co\\\/pt-br\\\/servicos\\\/#primaryimage\"},\"image\":{\"@id\":\"https:\\\/\\\/patrimonium.co\\\/pt-br\\\/servicos\\\/#primaryimage\"},\"thumbnailUrl\":\"https:\\\/\\\/patrimonium.co\\\/wp-content\\\/uploads\\\/elementor\\\/thumbs\\\/AdobeStock_623380233-scaled-qf7dm7qibjm9qwo4dvoligzu9wi82znvdm1x66dlqc.jpeg\",\"datePublished\":\"2019-11-25T05:33:35+00:00\",\"dateModified\":\"2023-11-15T19:52:37+00:00\",\"breadcrumb\":{\"@id\":\"https:\\\/\\\/patrimonium.co\\\/pt-br\\\/servicos\\\/#breadcrumb\"},\"inLanguage\":\"pt-BR\",\"potentialAction\":[{\"@type\":\"ReadAction\",\"target\":[\"https:\\\/\\\/patrimonium.co\\\/pt-br\\\/servicos\\\/\"]}]},{\"@type\":\"ImageObject\",\"inLanguage\":\"pt-BR\",\"@id\":\"https:\\\/\\\/patrimonium.co\\\/pt-br\\\/servicos\\\/#primaryimage\",\"url\":\"https:\\\/\\\/patrimonium.co\\\/wp-content\\\/uploads\\\/elementor\\\/thumbs\\\/AdobeStock_623380233-scaled-qf7dm7qibjm9qwo4dvoligzu9wi82znvdm1x66dlqc.jpeg\",\"contentUrl\":\"https:\\\/\\\/patrimonium.co\\\/wp-content\\\/uploads\\\/elementor\\\/thumbs\\\/AdobeStock_623380233-scaled-qf7dm7qibjm9qwo4dvoligzu9wi82znvdm1x66dlqc.jpeg\"},{\"@type\":\"BreadcrumbList\",\"@id\":\"https:\\\/\\\/patrimonium.co\\\/pt-br\\\/servicos\\\/#breadcrumb\",\"itemListElement\":[{\"@type\":\"ListItem\",\"position\":1,\"name\":\"Portada\",\"item\":\"https:\\\/\\\/patrimonium.co\\\/\"},{\"@type\":\"ListItem\",\"position\":2,\"name\":\"Nossos servi\u00e7os\"}]},{\"@type\":\"WebSite\",\"@id\":\"https:\\\/\\\/patrimonium.co\\\/#website\",\"url\":\"https:\\\/\\\/patrimonium.co\\\/\",\"name\":\"Patrimonium\",\"description\":\"USA\",\"publisher\":{\"@id\":\"https:\\\/\\\/patrimonium.co\\\/#organization\"},\"potentialAction\":[{\"@type\":\"SearchAction\",\"target\":{\"@type\":\"EntryPoint\",\"urlTemplate\":\"https:\\\/\\\/patrimonium.co\\\/?s={search_term_string}\"},\"query-input\":{\"@type\":\"PropertyValueSpecification\",\"valueRequired\":true,\"valueName\":\"search_term_string\"}}],\"inLanguage\":\"pt-BR\"},{\"@type\":\"Organization\",\"@id\":\"https:\\\/\\\/patrimonium.co\\\/#organization\",\"name\":\"Patrimonium\",\"url\":\"https:\\\/\\\/patrimonium.co\\\/\",\"logo\":{\"@type\":\"ImageObject\",\"inLanguage\":\"pt-BR\",\"@id\":\"https:\\\/\\\/patrimonium.co\\\/#\\\/schema\\\/logo\\\/image\\\/\",\"url\":\"https:\\\/\\\/patrimonium.co\\\/wp-content\\\/uploads\\\/2023\\\/07\\\/pa-logo-160.png\",\"contentUrl\":\"https:\\\/\\\/patrimonium.co\\\/wp-content\\\/uploads\\\/2023\\\/07\\\/pa-logo-160.png\",\"width\":160,\"height\":35,\"caption\":\"Patrimonium\"},\"image\":{\"@id\":\"https:\\\/\\\/patrimonium.co\\\/#\\\/schema\\\/logo\\\/image\\\/\"}}]}<\/script>\n<!-- \/ Yoast SEO plugin. -->","yoast_head_json":{"title":"Nossos servi\u00e7os - Patrimonium","robots":{"index":"index","follow":"follow","max-snippet":"max-snippet:-1","max-image-preview":"max-image-preview:large","max-video-preview":"max-video-preview:-1"},"canonical":"https:\/\/patrimonium.co\/pt-br\/servicos\/","og_locale":"pt_BR","og_type":"article","og_title":"Nossos servi\u00e7os - Patrimonium","og_description":"Servi\u00e7os Consultoria Internacional e Assessoria Corporativa para Empresas, Fam\u00edlias e Individuos. Corpora\u00e7\u00f5es Read more Prote\u00e7\u00e3o de Ativos Read more Impostos Read more Imobili\u00e1ria Read more Investimento banc\u00e1rio Read more Internaliza\u00e7\u00e3o de empresas Read more","og_url":"https:\/\/patrimonium.co\/pt-br\/servicos\/","og_site_name":"Patrimonium","article_modified_time":"2023-11-15T19:52:37+00:00","og_image":[{"url":"https:\/\/patrimonium.co\/wp-content\/uploads\/elementor\/thumbs\/AdobeStock_623380233-scaled-qf7dm7qibjm9qwo4dvoligzu9wi82znvdm1x66dlqc.jpeg","type":"","width":"","height":""}],"twitter_card":"summary_large_image","schema":{"@context":"https:\/\/schema.org","@graph":[{"@type":"WebPage","@id":"https:\/\/patrimonium.co\/pt-br\/servicos\/","url":"https:\/\/patrimonium.co\/pt-br\/servicos\/","name":"Nossos servi\u00e7os - Patrimonium","isPartOf":{"@id":"https:\/\/patrimonium.co\/#website"},"primaryImageOfPage":{"@id":"https:\/\/patrimonium.co\/pt-br\/servicos\/#primaryimage"},"image":{"@id":"https:\/\/patrimonium.co\/pt-br\/servicos\/#primaryimage"},"thumbnailUrl":"https:\/\/patrimonium.co\/wp-content\/uploads\/elementor\/thumbs\/AdobeStock_623380233-scaled-qf7dm7qibjm9qwo4dvoligzu9wi82znvdm1x66dlqc.jpeg","datePublished":"2019-11-25T05:33:35+00:00","dateModified":"2023-11-15T19:52:37+00:00","breadcrumb":{"@id":"https:\/\/patrimonium.co\/pt-br\/servicos\/#breadcrumb"},"inLanguage":"pt-BR","potentialAction":[{"@type":"ReadAction","target":["https:\/\/patrimonium.co\/pt-br\/servicos\/"]}]},{"@type":"ImageObject","inLanguage":"pt-BR","@id":"https:\/\/patrimonium.co\/pt-br\/servicos\/#primaryimage","url":"https:\/\/patrimonium.co\/wp-content\/uploads\/elementor\/thumbs\/AdobeStock_623380233-scaled-qf7dm7qibjm9qwo4dvoligzu9wi82znvdm1x66dlqc.jpeg","contentUrl":"https:\/\/patrimonium.co\/wp-content\/uploads\/elementor\/thumbs\/AdobeStock_623380233-scaled-qf7dm7qibjm9qwo4dvoligzu9wi82znvdm1x66dlqc.jpeg"},{"@type":"BreadcrumbList","@id":"https:\/\/patrimonium.co\/pt-br\/servicos\/#breadcrumb","itemListElement":[{"@type":"ListItem","position":1,"name":"Portada","item":"https:\/\/patrimonium.co\/"},{"@type":"ListItem","position":2,"name":"Nossos servi\u00e7os"}]},{"@type":"WebSite","@id":"https:\/\/patrimonium.co\/#website","url":"https:\/\/patrimonium.co\/","name":"Patrimonium","description":"USA","publisher":{"@id":"https:\/\/patrimonium.co\/#organization"},"potentialAction":[{"@type":"SearchAction","target":{"@type":"EntryPoint","urlTemplate":"https:\/\/patrimonium.co\/?s={search_term_string}"},"query-input":{"@type":"PropertyValueSpecification","valueRequired":true,"valueName":"search_term_string"}}],"inLanguage":"pt-BR"},{"@type":"Organization","@id":"https:\/\/patrimonium.co\/#organization","name":"Patrimonium","url":"https:\/\/patrimonium.co\/","logo":{"@type":"ImageObject","inLanguage":"pt-BR","@id":"https:\/\/patrimonium.co\/#\/schema\/logo\/image\/","url":"https:\/\/patrimonium.co\/wp-content\/uploads\/2023\/07\/pa-logo-160.png","contentUrl":"https:\/\/patrimonium.co\/wp-content\/uploads\/2023\/07\/pa-logo-160.png","width":160,"height":35,"caption":"Patrimonium"},"image":{"@id":"https:\/\/patrimonium.co\/#\/schema\/logo\/image\/"}}]}},"_links":{"self":[{"href":"https:\/\/patrimonium.co\/pt-br\/wp-json\/wp\/v2\/pages\/10658","targetHints":{"allow":["GET"]}}],"collection":[{"href":"https:\/\/patrimonium.co\/pt-br\/wp-json\/wp\/v2\/pages"}],"about":[{"href":"https:\/\/patrimonium.co\/pt-br\/wp-json\/wp\/v2\/types\/page"}],"author":[{"embeddable":true,"href":"https:\/\/patrimonium.co\/pt-br\/wp-json\/wp\/v2\/users\/2"}],"replies":[{"embeddable":true,"href":"https:\/\/patrimonium.co\/pt-br\/wp-json\/wp\/v2\/comments?post=10658"}],"version-history":[{"count":4,"href":"https:\/\/patrimonium.co\/pt-br\/wp-json\/wp\/v2\/pages\/10658\/revisions"}],"predecessor-version":[{"id":10905,"href":"https:\/\/patrimonium.co\/pt-br\/wp-json\/wp\/v2\/pages\/10658\/revisions\/10905"}],"wp:attachment":[{"href":"https:\/\/patrimonium.co\/pt-br\/wp-json\/wp\/v2\/media?parent=10658"}],"curies":[{"name":"wp","href":"https:\/\/api.w.org\/{rel}","templated":true}]}}