{"id":10662,"date":"2017-02-09T14:04:48","date_gmt":"2017-02-09T14:04:48","guid":{"rendered":"https:\/\/patrimonium.co\/contactenos\/"},"modified":"2025-04-24T14:44:51","modified_gmt":"2025-04-24T14:44:51","slug":"contate-nos","status":"publish","type":"page","link":"https:\/\/patrimonium.co\/pt-br\/contate-nos\/","title":{"rendered":"Contate-nos"},"content":{"rendered":"\t\t<div data-elementor-type=\"wp-page\" data-elementor-id=\"10662\" class=\"elementor elementor-10662 elementor-1529\">\n\t\t\t\t\t\t<section class=\"elementor-section elementor-top-section elementor-element elementor-element-fe1c963 elementor-section-boxed elementor-section-height-default elementor-section-height-default\" data-id=\"fe1c963\" data-element_type=\"section\" data-e-type=\"section\" data-settings=\"{&quot;background_background&quot;:&quot;classic&quot;}\">\n\t\t\t\t\t\t<div class=\"elementor-container elementor-column-gap-wider\">\n\t\t\t\t\t<div class=\"elementor-column elementor-col-100 elementor-top-column elementor-element elementor-element-fe1ce8f\" data-id=\"fe1ce8f\" data-element_type=\"column\" data-e-type=\"column\" data-settings=\"{&quot;background_background&quot;:&quot;classic&quot;}\">\n\t\t\t<div class=\"elementor-widget-wrap elementor-element-populated\">\n\t\t\t\t\t\t<div class=\"elementor-element elementor-element-12a79db elementor-widget elementor-widget-vc_custom_heading\" data-id=\"12a79db\" data-element_type=\"widget\" data-e-type=\"widget\" data-widget_type=\"vc_custom_heading.default\">\n\t\t\t\t<div class=\"elementor-widget-container\">\n\t\t\t\t\t<div class=\" vc_custom_heading  consulting_heading_font  text_align_left\" ><h2 style=\"text-align: left\" class=\"consulting-custom-title\">Estamos para servi-lo\n<\/h2><\/div>\t\t\t\t<\/div>\n\t\t\t\t<\/div>\n\t\t\t\t<div class=\"elementor-element elementor-element-fe1d2d1 elementor-widget elementor-widget-text-editor\" data-id=\"fe1d2d1\" data-element_type=\"widget\" data-e-type=\"widget\" data-widget_type=\"text-editor.default\">\n\t\t\t\t\t\t\t\t\t<p><span style=\"color: #444444; font-size: 16px; letter-spacing: -0.4px;\">Contate-nos hoje mesmo com informa\u00e7\u00f5es sobre nossos servi\u00e7os.<\/span><\/p>\n\t\t\t\t\t\t\t\t<\/div>\n\t\t\t\t<div class=\"elementor-element elementor-element-34bcf00 contact_us_address elementor-widget elementor-widget-text-editor\" data-id=\"34bcf00\" data-element_type=\"widget\" data-e-type=\"widget\" data-widget_type=\"text-editor.default\">\n\t\t\t\t\t\t\t\t\t<p><strong>Endere\u00e7o:<\/strong><br \/>6355 NW 36th St, Virginia Gardens, FL 33166<\/p>\n\t\t\t\t\t\t\t\t<\/div>\n\t\t\t\t<div class=\"elementor-element elementor-element-fe1d51d elementor-widget elementor-widget-stm_contacts_widget\" data-id=\"fe1d51d\" data-element_type=\"widget\" data-e-type=\"widget\" data-widget_type=\"stm_contacts_widget.default\">\n\t\t\t\t<div class=\"elementor-widget-container\">\n\t\t\t\t\t\n<div class=\"stm_contacts_widget consulting_elementor_contacts_widget style_2 \">\n    \n    \n    \n        <ul>\n                            <li class=\"phone\">\n                    <div class=\"icon\"><i class=\"fa fa-phone\"><\/i><\/div>\n                    <div class=\"text\"><strong>+1 (305) 428-2020<\/strong><\/div>\n                <\/li>\n                                        <li class=\"mail\">\n                    <div class=\"icon\"><i class=\"fa fa-envelope\"><\/i><\/div>\n                    <div class=\"text\"><a href=\"mailto:&#105;&#110;fo&#64;&#112;a&#116;&#114;&#105;&#109;on&#105;u&#110;.&#99;&#111;\">&#105;&#110;f&#111;&#64;p&#97;trim&#111;ni&#117;n.&#99;&#111;<\/a><\/div>\n                <\/li>\n                    <\/ul>\n\n        \n    \n<\/div>\t\t\t\t<\/div>\n\t\t\t\t<\/div>\n\t\t\t\t\t<\/div>\n\t\t<\/div>\n\t\t\t\t<div class=\"elementor-column elementor-col-100 elementor-top-column elementor-element elementor-element-fe1d5c6\" data-id=\"fe1d5c6\" data-element_type=\"column\" data-e-type=\"column\" data-settings=\"{&quot;background_background&quot;:&quot;classic&quot;}\">\n\t\t\t<div class=\"elementor-widget-wrap elementor-element-populated\">\n\t\t\t\t\t\t<div class=\"elementor-element elementor-element-2780e05 elementor-widget elementor-widget-html\" data-id=\"2780e05\" data-element_type=\"widget\" data-e-type=\"widget\" data-widget_type=\"html.default\">\n\t\t\t\t\t<iframe\n  src=\"https:\/\/api.impulzocrm.com\/widget\/form\/Omn094dhs2SQ1MrThjQF\"\n  style=\"width:100%;height:100%;border:none;border-radius:3px\"\n  id=\"inline-Omn094dhs2SQ1MrThjQF\" \n  data-layout=\"{'id':'INLINE'}\"\n  data-trigger-type=\"alwaysShow\"\n  data-trigger-value=\"\"\n  data-activation-type=\"alwaysActivated\"\n  data-activation-value=\"\"\n  data-deactivation-type=\"neverDeactivate\"\n  data-deactivation-value=\"\"\n  data-form-name=\"Contact - PT\"\n  data-height=\"1108\"\n  data-layout-iframe-id=\"inline-Omn094dhs2SQ1MrThjQF\"\n  data-form-id=\"Omn094dhs2SQ1MrThjQF\"\n  title=\"Contact - PT\"\n      >\n<\/iframe>\n<script src=\"https:\/\/api.impulzocrm.com\/js\/form_embed.js\"><\/script>\t\t\t\t<\/div>\n\t\t\t\t\t<\/div>\n\t\t<\/div>\n\t\t\t\t\t<\/div>\n\t\t<\/section>\n\t\t\t\t<section class=\"elementor-section elementor-top-section elementor-element elementor-element-fe1da77 elementor-section-full_width elementor-section-height-default elementor-section-height-default\" data-id=\"fe1da77\" data-element_type=\"section\" data-e-type=\"section\" data-settings=\"{&quot;background_background&quot;:&quot;classic&quot;}\">\n\t\t\t\t\t\t<div class=\"elementor-container elementor-column-gap-no\">\n\t\t\t\t\t<div class=\"elementor-column elementor-col-100 elementor-top-column elementor-element elementor-element-fe1de87\" data-id=\"fe1de87\" data-element_type=\"column\" data-e-type=\"column\">\n\t\t\t<div class=\"elementor-widget-wrap elementor-element-populated\">\n\t\t\t\t\t\t<div class=\"elementor-element elementor-element-fe1e1cb elementor-widget elementor-widget-google_maps\" data-id=\"fe1e1cb\" data-element_type=\"widget\" data-e-type=\"widget\" data-widget_type=\"google_maps.default\">\n\t\t\t\t\t\t\t<div class=\"elementor-custom-embed\">\n\t\t\t<iframe loading=\"lazy\"\n\t\t\t\t\tsrc=\"https:\/\/maps.google.com\/maps?q=6355%20NW%2036th%20St%2C%20Virginia%20Gardens%2C%20FL%2033166&#038;t=m&#038;z=14&#038;output=embed&#038;iwloc=near\"\n\t\t\t\t\ttitle=\"6355 NW 36th St, Virginia Gardens, FL 33166\"\n\t\t\t\t\taria-label=\"6355 NW 36th St, Virginia Gardens, FL 33166\"\n\t\t\t><\/iframe>\n\t\t<\/div>\n\t\t\t\t\t\t<\/div>\n\t\t\t\t\t<\/div>\n\t\t<\/div>\n\t\t\t\t\t<\/div>\n\t\t<\/section>\n\t\t\t\t<\/div>\n\t\t","protected":false},"excerpt":{"rendered":"<p>Estamos para servi-lo Contate-nos hoje mesmo com informa\u00e7\u00f5es sobre nossos servi\u00e7os. Endere\u00e7o:6355 NW 36th St, Virginia Gardens, FL 33166 +1 (305) 428-2020 &#105;n&#102;&#111;&#64;&#112;a&#116;&#114;i&#109;o&#110;&#105;&#117;&#110;.&#99;o<\/p>\n","protected":false},"author":2,"featured_media":0,"parent":0,"menu_order":0,"comment_status":"closed","ping_status":"closed","template":"","meta":{"footnotes":""},"class_list":["post-10662","page","type-page","status-publish","hentry"],"yoast_head":"<!-- This site is optimized with the Yoast SEO plugin v27.3 - https:\/\/yoast.com\/product\/yoast-seo-wordpress\/ -->\n<title>Contate-nos - Patrimonium<\/title>\n<meta name=\"robots\" content=\"index, follow, max-snippet:-1, max-image-preview:large, max-video-preview:-1\" \/>\n<link rel=\"canonical\" href=\"https:\/\/patrimonium.co\/contactenos\/\" \/>\n<meta property=\"og:locale\" content=\"pt_BR\" \/>\n<meta property=\"og:type\" content=\"article\" \/>\n<meta property=\"og:title\" content=\"Contate-nos - Patrimonium\" \/>\n<meta property=\"og:description\" content=\"Estamos para servi-lo Contate-nos hoje mesmo com informa\u00e7\u00f5es sobre nossos servi\u00e7os. Endere\u00e7o:6355 NW 36th St, Virginia Gardens, FL 33166 +1 (305) 428-2020 &#105;n&#102;&#111;&#064;&#112;a&#116;&#114;i&#109;o&#110;&#105;&#117;&#110;.&#099;o\" \/>\n<meta property=\"og:url\" content=\"https:\/\/patrimonium.co\/contactenos\/\" \/>\n<meta property=\"og:site_name\" content=\"Patrimonium\" \/>\n<meta property=\"article:modified_time\" content=\"2025-04-24T14:44:51+00:00\" \/>\n<meta name=\"twitter:card\" content=\"summary_large_image\" \/>\n<meta name=\"twitter:label1\" content=\"Est. tempo de leitura\" \/>\n\t<meta name=\"twitter:data1\" content=\"1 minuto\" \/>\n<script type=\"application\/ld+json\" class=\"yoast-schema-graph\">{\"@context\":\"https:\\\/\\\/schema.org\",\"@graph\":[{\"@type\":\"WebPage\",\"@id\":\"https:\\\/\\\/patrimonium.co\\\/contactenos\\\/\",\"url\":\"https:\\\/\\\/patrimonium.co\\\/contactenos\\\/\",\"name\":\"Contate-nos - Patrimonium\",\"isPartOf\":{\"@id\":\"https:\\\/\\\/patrimonium.co\\\/#website\"},\"datePublished\":\"2017-02-09T14:04:48+00:00\",\"dateModified\":\"2025-04-24T14:44:51+00:00\",\"breadcrumb\":{\"@id\":\"https:\\\/\\\/patrimonium.co\\\/contactenos\\\/#breadcrumb\"},\"inLanguage\":\"pt-BR\",\"potentialAction\":[{\"@type\":\"ReadAction\",\"target\":[\"https:\\\/\\\/patrimonium.co\\\/contactenos\\\/\"]}]},{\"@type\":\"BreadcrumbList\",\"@id\":\"https:\\\/\\\/patrimonium.co\\\/contactenos\\\/#breadcrumb\",\"itemListElement\":[{\"@type\":\"ListItem\",\"position\":1,\"name\":\"Portada\",\"item\":\"https:\\\/\\\/patrimonium.co\\\/\"},{\"@type\":\"ListItem\",\"position\":2,\"name\":\"Contate-nos\"}]},{\"@type\":\"WebSite\",\"@id\":\"https:\\\/\\\/patrimonium.co\\\/#website\",\"url\":\"https:\\\/\\\/patrimonium.co\\\/\",\"name\":\"Patrimonium\",\"description\":\"USA\",\"publisher\":{\"@id\":\"https:\\\/\\\/patrimonium.co\\\/#organization\"},\"potentialAction\":[{\"@type\":\"SearchAction\",\"target\":{\"@type\":\"EntryPoint\",\"urlTemplate\":\"https:\\\/\\\/patrimonium.co\\\/?s={search_term_string}\"},\"query-input\":{\"@type\":\"PropertyValueSpecification\",\"valueRequired\":true,\"valueName\":\"search_term_string\"}}],\"inLanguage\":\"pt-BR\"},{\"@type\":\"Organization\",\"@id\":\"https:\\\/\\\/patrimonium.co\\\/#organization\",\"name\":\"Patrimonium\",\"url\":\"https:\\\/\\\/patrimonium.co\\\/\",\"logo\":{\"@type\":\"ImageObject\",\"inLanguage\":\"pt-BR\",\"@id\":\"https:\\\/\\\/patrimonium.co\\\/#\\\/schema\\\/logo\\\/image\\\/\",\"url\":\"https:\\\/\\\/patrimonium.co\\\/wp-content\\\/uploads\\\/2023\\\/07\\\/pa-logo-160.png\",\"contentUrl\":\"https:\\\/\\\/patrimonium.co\\\/wp-content\\\/uploads\\\/2023\\\/07\\\/pa-logo-160.png\",\"width\":160,\"height\":35,\"caption\":\"Patrimonium\"},\"image\":{\"@id\":\"https:\\\/\\\/patrimonium.co\\\/#\\\/schema\\\/logo\\\/image\\\/\"}}]}<\/script>\n<!-- \/ Yoast SEO plugin. -->","yoast_head_json":{"title":"Contate-nos - Patrimonium","robots":{"index":"index","follow":"follow","max-snippet":"max-snippet:-1","max-image-preview":"max-image-preview:large","max-video-preview":"max-video-preview:-1"},"canonical":"https:\/\/patrimonium.co\/contactenos\/","og_locale":"pt_BR","og_type":"article","og_title":"Contate-nos - Patrimonium","og_description":"Estamos para servi-lo Contate-nos hoje mesmo com informa\u00e7\u00f5es sobre nossos servi\u00e7os. Endere\u00e7o:6355 NW 36th St, Virginia Gardens, FL 33166 +1 (305) 428-2020 &#105;n&#102;&#111;&#64;&#112;a&#116;&#114;i&#109;o&#110;&#105;&#117;&#110;.&#99;o","og_url":"https:\/\/patrimonium.co\/contactenos\/","og_site_name":"Patrimonium","article_modified_time":"2025-04-24T14:44:51+00:00","twitter_card":"summary_large_image","twitter_misc":{"Est. tempo de leitura":"1 minuto"},"schema":{"@context":"https:\/\/schema.org","@graph":[{"@type":"WebPage","@id":"https:\/\/patrimonium.co\/contactenos\/","url":"https:\/\/patrimonium.co\/contactenos\/","name":"Contate-nos - Patrimonium","isPartOf":{"@id":"https:\/\/patrimonium.co\/#website"},"datePublished":"2017-02-09T14:04:48+00:00","dateModified":"2025-04-24T14:44:51+00:00","breadcrumb":{"@id":"https:\/\/patrimonium.co\/contactenos\/#breadcrumb"},"inLanguage":"pt-BR","potentialAction":[{"@type":"ReadAction","target":["https:\/\/patrimonium.co\/contactenos\/"]}]},{"@type":"BreadcrumbList","@id":"https:\/\/patrimonium.co\/contactenos\/#breadcrumb","itemListElement":[{"@type":"ListItem","position":1,"name":"Portada","item":"https:\/\/patrimonium.co\/"},{"@type":"ListItem","position":2,"name":"Contate-nos"}]},{"@type":"WebSite","@id":"https:\/\/patrimonium.co\/#website","url":"https:\/\/patrimonium.co\/","name":"Patrimonium","description":"USA","publisher":{"@id":"https:\/\/patrimonium.co\/#organization"},"potentialAction":[{"@type":"SearchAction","target":{"@type":"EntryPoint","urlTemplate":"https:\/\/patrimonium.co\/?s={search_term_string}"},"query-input":{"@type":"PropertyValueSpecification","valueRequired":true,"valueName":"search_term_string"}}],"inLanguage":"pt-BR"},{"@type":"Organization","@id":"https:\/\/patrimonium.co\/#organization","name":"Patrimonium","url":"https:\/\/patrimonium.co\/","logo":{"@type":"ImageObject","inLanguage":"pt-BR","@id":"https:\/\/patrimonium.co\/#\/schema\/logo\/image\/","url":"https:\/\/patrimonium.co\/wp-content\/uploads\/2023\/07\/pa-logo-160.png","contentUrl":"https:\/\/patrimonium.co\/wp-content\/uploads\/2023\/07\/pa-logo-160.png","width":160,"height":35,"caption":"Patrimonium"},"image":{"@id":"https:\/\/patrimonium.co\/#\/schema\/logo\/image\/"}}]}},"_links":{"self":[{"href":"https:\/\/patrimonium.co\/pt-br\/wp-json\/wp\/v2\/pages\/10662","targetHints":{"allow":["GET"]}}],"collection":[{"href":"https:\/\/patrimonium.co\/pt-br\/wp-json\/wp\/v2\/pages"}],"about":[{"href":"https:\/\/patrimonium.co\/pt-br\/wp-json\/wp\/v2\/types\/page"}],"author":[{"embeddable":true,"href":"https:\/\/patrimonium.co\/pt-br\/wp-json\/wp\/v2\/users\/2"}],"replies":[{"embeddable":true,"href":"https:\/\/patrimonium.co\/pt-br\/wp-json\/wp\/v2\/comments?post=10662"}],"version-history":[{"count":10,"href":"https:\/\/patrimonium.co\/pt-br\/wp-json\/wp\/v2\/pages\/10662\/revisions"}],"predecessor-version":[{"id":11141,"href":"https:\/\/patrimonium.co\/pt-br\/wp-json\/wp\/v2\/pages\/10662\/revisions\/11141"}],"wp:attachment":[{"href":"https:\/\/patrimonium.co\/pt-br\/wp-json\/wp\/v2\/media?parent=10662"}],"curies":[{"name":"wp","href":"https:\/\/api.w.org\/{rel}","templated":true}]}}