{"id":10672,"date":"2023-08-23T10:23:41","date_gmt":"2023-08-23T10:23:41","guid":{"rendered":"https:\/\/patrimonium.co\/nuestros-socios\/"},"modified":"2023-11-15T20:08:04","modified_gmt":"2023-11-15T20:08:04","slug":"nossos-socios","status":"publish","type":"page","link":"https:\/\/patrimonium.co\/pt-br\/nossos-socios\/","title":{"rendered":"Nossos S\u00f3cios"},"content":{"rendered":"\t\t<div data-elementor-type=\"wp-page\" data-elementor-id=\"10672\" class=\"elementor elementor-10672 elementor-390\">\n\t\t\t\t\t\t<section class=\"elementor-section elementor-top-section elementor-element elementor-element-7950efc elementor-section-boxed elementor-section-height-default elementor-section-height-default\" data-id=\"7950efc\" data-element_type=\"section\" data-e-type=\"section\" data-settings=\"{&quot;background_background&quot;:&quot;classic&quot;}\">\n\t\t\t\t\t\t<div class=\"elementor-container elementor-column-gap-default\">\n\t\t\t\t\t<div class=\"elementor-column elementor-col-100 elementor-top-column elementor-element elementor-element-7951427\" data-id=\"7951427\" data-element_type=\"column\" data-e-type=\"column\">\n\t\t\t<div class=\"elementor-widget-wrap elementor-element-populated\">\n\t\t\t\t\t\t<section class=\"elementor-section elementor-top-section elementor-element elementor-element-795184f elementor-section-boxed elementor-section-height-default elementor-section-height-default\" data-id=\"795184f\" data-element_type=\"section\" data-e-type=\"section\" data-settings=\"{&quot;background_background&quot;:&quot;classic&quot;}\">\n\t\t\t\t\t\t<div class=\"elementor-container elementor-column-gap-default\">\n\t\t\t\t\t<div class=\"elementor-column elementor-col-100 elementor-top-column elementor-element elementor-element-7951cee\" data-id=\"7951cee\" data-element_type=\"column\" data-e-type=\"column\">\n\t\t\t<div class=\"elementor-widget-wrap elementor-element-populated\">\n\t\t\t\t\t\t<div class=\"elementor-element elementor-element-795269d the_socios elementor-widget elementor-widget-stm_partner\" data-id=\"795269d\" data-element_type=\"widget\" data-e-type=\"widget\" data-widget_type=\"stm_partner.default\">\n\t\t\t\t<div class=\"elementor-widget-container\">\n\t\t\t\t\t<div class=\"stm_partner consulting_elementor_partner style_2\">\n            <div class=\"image\">\n            <img src='https:\/\/patrimonium.co\/wp-content\/uploads\/elementor\/thumbs\/jairo-logo-2-qbbyaz94ptgezclrgdjgrte31u8hq4zrffhb4b7aew.png' alt='' \/>        <\/div>\n        <div class=\"stm_partner_content\">\n                                                                        <h4 class=\"no_stripe\"><a href=\"#\" target=\"_self\">Vargas &amp; Associates International Group<\/a><\/h4>\n                                                        <div class=\"position\">\n                Estados Unidos (escrit\u00f3rio principal), M\u00e9xico, Colombia y Brasil<br \/>\n<br \/>\nPessoa de contato: Jairo Vargas  - jairo@patrimonium.co \u2013 (Ingl\u00eas, Espanhol)\n            <\/div>\n                            <div class=\"description\">Oferecendo toda uma alternativa de solu\u00e7\u00f5es em consultoria empresarial e assessoria corporativa para empresas, fam\u00edlias e empreendedores que buscam ingressar no mercado americano.<\/div>\n                    <\/div>\n<\/div>\t\t\t\t<\/div>\n\t\t\t\t<\/div>\n\t\t\t\t<div class=\"elementor-element elementor-element-db71121 the_socios elementor-widget elementor-widget-stm_partner\" data-id=\"db71121\" data-element_type=\"widget\" data-e-type=\"widget\" data-widget_type=\"stm_partner.default\">\n\t\t\t\t<div class=\"elementor-widget-container\">\n\t\t\t\t\t<div class=\"stm_partner consulting_elementor_partner style_2\">\n            <div class=\"image\">\n            <img src='https:\/\/patrimonium.co\/wp-content\/uploads\/elementor\/thumbs\/Traust-logo-legal-firm-qbby1lt36803qa9j35vtsj3kpkyd65j5ii98eecnvg.png' alt='' \/>        <\/div>\n        <div class=\"stm_partner_content\">\n                                                                        <h4 class=\"no_stripe\"><a href=\"https:\/\/accountingfirm.mx\/\" target=\"_self\">Traust Accounting &amp; Legal Firm<\/a><\/h4>\n                                                        <div class=\"position\">\n                M\u00e9xico (escrit\u00f3rio principal), Centro Am\u00e9rica y El Caribe<br \/>\n<br \/>\nPessoa de contato: Miguel Angel Sepulveda -  miguelsepulveda@patrimonium.co  \u2013 (Ingl\u00eas, Espanhol)\n            <\/div>\n                            <div class=\"description\">A Traust Accounting, com mais de 30 anos de experi\u00eancia, possui tr\u00eas escrit\u00f3rios; dois no M\u00e9xico e um nos Estados Unidos, com mais de 80 funcion\u00e1rios. Nos nossos escrit\u00f3rios promove-se um ambiente acess\u00edvel onde o profissionalismo e a camaradagem andam de m\u00e3os dadas, e o nosso pessoal est\u00e1 sempre dispon\u00edvel e preparado para que a nossa clientela obtenha o m\u00e1ximo desempenho e servi\u00e7o.<\/div>\n                    <\/div>\n<\/div>\t\t\t\t<\/div>\n\t\t\t\t<\/div>\n\t\t\t\t<div class=\"elementor-element elementor-element-7952b50 the_socios elementor-widget elementor-widget-stm_partner\" data-id=\"7952b50\" data-element_type=\"widget\" data-e-type=\"widget\" data-widget_type=\"stm_partner.default\">\n\t\t\t\t<div class=\"elementor-widget-container\">\n\t\t\t\t\t<div class=\"stm_partner consulting_elementor_partner style_2\">\n            <div class=\"image\">\n            <img src='https:\/\/patrimonium.co\/wp-content\/uploads\/elementor\/thumbs\/astaf-1-q5ikufgo8v4lobahqf37o8jdnp28d00b3minucb0ao.jpg' alt='' \/>        <\/div>\n        <div class=\"stm_partner_content\">\n                                                                        <h4 class=\"no_stripe\"><a href=\"https:\/\/astaf.com\/\" target=\"_self\">ASTAF<\/a><\/h4>\n                                                        <div class=\"position\">\n                Colombia (escrit\u00f3rio principal), Ecuador, Per\u00fa, Venezuela<br \/>\n<br \/>\nPessoa de contato: Andres Moreno  - andresmoreno@patrimonium.co \u2013 (Ingl\u00eas, Espanhol)\n            <\/div>\n                            <div class=\"description\">ASTAF \u00e9 uma empresa especializada na presta\u00e7\u00e3o de servi\u00e7os profissionais de auditoria, contabilidade e BPO administrativo e financeiro; com mais de 45 anos de experi\u00eancia profissional na Col\u00f4mbia atendendo clientes nacionais e estrangeiros de diversos setores da economia local e internacional.<\/div>\n                    <\/div>\n<\/div>\t\t\t\t<\/div>\n\t\t\t\t<\/div>\n\t\t\t\t<div class=\"elementor-element elementor-element-795290a the_socios elementor-widget elementor-widget-stm_partner\" data-id=\"795290a\" data-element_type=\"widget\" data-e-type=\"widget\" data-widget_type=\"stm_partner.default\">\n\t\t\t\t<div class=\"elementor-widget-container\">\n\t\t\t\t\t<div class=\"stm_partner consulting_elementor_partner style_2\">\n            <div class=\"image\">\n            <img src='https:\/\/patrimonium.co\/wp-content\/uploads\/elementor\/thumbs\/santini-qbbyiv4enpmmwj71b4g82ob9d9vzi31q7xh6marfmk.png' alt='' \/>        <\/div>\n        <div class=\"stm_partner_content\">\n                                                                        <h4 class=\"no_stripe\"><a href=\"http:\/\/www.mssantini.com\/\" target=\"_self\">MS Santini Multi Family Office<\/a><\/h4>\n                                                        <div class=\"position\">\n                Brasil (escrit\u00f3rio principal), Argentina, Chile, Uruguay, Paraguay<br \/>\n<br \/>\nPessoa de contato: Marcelo Santini -\u00a0 marcelosantini@patrimonium.co \u2013 (Ingl\u00eas, Espanhol, Portugu\u00eas)\n            <\/div>\n                            <div class=\"description\">Com 20 anos de presen\u00e7a e experi\u00eancia no mercado, a MS SANTINI atua nos segmentos cont\u00e1bil, fiscal e de estrutura\u00e7\u00e3o societ\u00e1ria, realizando terceiriza\u00e7\u00f5es, dilig\u00eancias e auditorias, al\u00e9m de atuar como agente facilitador de investimento de investidores estrangeiros. Entendendo o ambiente de neg\u00f3cios no Brasil.\n<\/div>\n                    <\/div>\n<\/div>\t\t\t\t<\/div>\n\t\t\t\t<\/div>\n\t\t\t\t<div class=\"elementor-element elementor-element-5bbe924 the_socios elementor-widget elementor-widget-stm_partner\" data-id=\"5bbe924\" data-element_type=\"widget\" data-e-type=\"widget\" data-widget_type=\"stm_partner.default\">\n\t\t\t\t<div class=\"elementor-widget-container\">\n\t\t\t\t\t<div class=\"stm_partner consulting_elementor_partner style_2\">\n            <div class=\"image\">\n            <img src='https:\/\/patrimonium.co\/wp-content\/uploads\/elementor\/thumbs\/metricc-qbbyz5np4bxm6v9hlruo59vw33fg1sxcpx3ya999og.png' alt='' \/>        <\/div>\n        <div class=\"stm_partner_content\">\n                                                                        <h4 class=\"no_stripe\"><a href=\"https:\/\/metritha.com\/\" target=\"_self\">Metritha<\/a><\/h4>\n                                                        <div class=\"position\">\n                Estados Unidos e Am\u00e9rica Latina<br \/>\n<br \/>\nPessoa de contato:<br \/>\nAndre Burger        \u2013 CEO \u2013       aburger@metritha.com &amp; aburger@patrimonium.co   \u2013     (Ingl\u00eas, Espanhol, Portugu\u00eas)\n            <\/div>\n                            <div class=\"description\">Empresa de servi\u00e7os de consultoria financeira e fus\u00f5es e aquisi\u00e7\u00f5es com sede nos EUA. Fornecemos consultoria especializada em fus\u00f5es e aquisi\u00e7\u00f5es, acesso a capital de crescimento, mercado de capitais, servi\u00e7os de consultoria estrat\u00e9gica e financeira corporativa para empresas de m\u00e9dio porte e investidores qualificados que navegam em setores com alto impacto social e ambiental na Am\u00e9rica Latina. Am\u00e9rica.<\/div>\n                    <\/div>\n<\/div>\t\t\t\t<\/div>\n\t\t\t\t<\/div>\n\t\t\t\t\t<\/div>\n\t\t<\/div>\n\t\t\t\t\t<\/div>\n\t\t<\/section>\n\t\t\t\t\t<\/div>\n\t\t<\/div>\n\t\t\t\t\t<\/div>\n\t\t<\/section>\n\t\t\t\t<section class=\"elementor-section elementor-top-section elementor-element elementor-element-7471143 elementor-section-boxed elementor-section-height-default elementor-section-height-default\" data-id=\"7471143\" data-element_type=\"section\" data-e-type=\"section\">\n\t\t\t\t\t\t<div class=\"elementor-container elementor-column-gap-default\">\n\t\t\t\t\t<div class=\"elementor-column elementor-col-100 elementor-top-column elementor-element elementor-element-c806a50\" data-id=\"c806a50\" data-element_type=\"column\" data-e-type=\"column\">\n\t\t\t<div class=\"elementor-widget-wrap elementor-element-populated\">\n\t\t\t\t\t\t<div class=\"elementor-element elementor-element-d0863c2 elementor-widget-divider--view-line elementor-widget elementor-widget-divider\" data-id=\"d0863c2\" data-element_type=\"widget\" data-e-type=\"widget\" data-widget_type=\"divider.default\">\n\t\t\t\t\t\t\t<div class=\"elementor-divider\">\n\t\t\t<span class=\"elementor-divider-separator\">\n\t\t\t\t\t\t<\/span>\n\t\t<\/div>\n\t\t\t\t\t\t<\/div>\n\t\t\t\t\t<\/div>\n\t\t<\/div>\n\t\t\t\t\t<\/div>\n\t\t<\/section>\n\t\t\t\t<section class=\"elementor-section elementor-top-section elementor-element elementor-element-3186885 elementor-section-boxed elementor-section-height-default elementor-section-height-default\" data-id=\"3186885\" data-element_type=\"section\" data-e-type=\"section\">\n\t\t\t\t\t\t<div class=\"elementor-container elementor-column-gap-default\">\n\t\t\t\t\t<div class=\"elementor-column elementor-col-100 elementor-top-column elementor-element elementor-element-1e5011f\" data-id=\"1e5011f\" data-element_type=\"column\" data-e-type=\"column\">\n\t\t\t<div class=\"elementor-widget-wrap elementor-element-populated\">\n\t\t\t\t\t\t<section class=\"elementor-section elementor-inner-section elementor-element elementor-element-2f2cea6 elementor-section-boxed elementor-section-height-default elementor-section-height-default\" data-id=\"2f2cea6\" data-element_type=\"section\" data-e-type=\"section\">\n\t\t\t\t\t\t<div class=\"elementor-container elementor-column-gap-default\">\n\t\t\t\t\t<div class=\"elementor-column elementor-col-33 elementor-inner-column elementor-element elementor-element-0127524\" data-id=\"0127524\" data-element_type=\"column\" data-e-type=\"column\">\n\t\t\t<div class=\"elementor-widget-wrap elementor-element-populated\">\n\t\t\t\t\t\t<div class=\"elementor-element elementor-element-b2305b3 elementor-widget__width-initial elementor-widget elementor-widget-image\" data-id=\"b2305b3\" data-element_type=\"widget\" data-e-type=\"widget\" data-widget_type=\"image.default\">\n\t\t\t\t\t\t\t\t\t\t\t\t\t\t\t<img fetchpriority=\"high\" decoding=\"async\" width=\"484\" height=\"449\" src=\"https:\/\/patrimonium.co\/wp-content\/uploads\/2023\/10\/ASSOC-Y.png\" class=\"attachment-large size-large wp-image-9542\" alt=\"\" srcset=\"https:\/\/patrimonium.co\/wp-content\/uploads\/2023\/10\/ASSOC-Y.png 484w, https:\/\/patrimonium.co\/wp-content\/uploads\/2023\/10\/ASSOC-Y-300x278.png 300w\" sizes=\"(max-width: 484px) 100vw, 484px\" \/>\t\t\t\t\t\t\t\t\t\t\t\t\t\t\t<\/div>\n\t\t\t\t<div class=\"elementor-element elementor-element-d784a8c elementor-widget elementor-widget-image\" data-id=\"d784a8c\" data-element_type=\"widget\" data-e-type=\"widget\" data-widget_type=\"image.default\">\n\t\t\t\t\t\t\t\t\t\t\t\t\t\t\t\t<a href=\"https:\/\/www.primeglobal.net\/\">\n\t\t\t\t\t\t\t<img decoding=\"async\" width=\"300\" height=\"31\" src=\"https:\/\/patrimonium.co\/wp-content\/uploads\/2023\/10\/PrimeGlobal_Tagline_2022-300x31.png\" class=\"attachment-medium size-medium wp-image-9540\" alt=\"\" srcset=\"https:\/\/patrimonium.co\/wp-content\/uploads\/2023\/10\/PrimeGlobal_Tagline_2022-300x31.png 300w, https:\/\/patrimonium.co\/wp-content\/uploads\/2023\/10\/PrimeGlobal_Tagline_2022-1024x104.png 1024w, https:\/\/patrimonium.co\/wp-content\/uploads\/2023\/10\/PrimeGlobal_Tagline_2022-768x78.png 768w, https:\/\/patrimonium.co\/wp-content\/uploads\/2023\/10\/PrimeGlobal_Tagline_2022-1536x156.png 1536w, https:\/\/patrimonium.co\/wp-content\/uploads\/2023\/10\/PrimeGlobal_Tagline_2022-2048x209.png 2048w, https:\/\/patrimonium.co\/wp-content\/uploads\/2023\/10\/PrimeGlobal_Tagline_2022-900x92.png 900w, https:\/\/patrimonium.co\/wp-content\/uploads\/2023\/10\/PrimeGlobal_Tagline_2022-600x61.png 600w\" sizes=\"(max-width: 300px) 100vw, 300px\" \/>\t\t\t\t\t\t\t\t<\/a>\n\t\t\t\t\t\t\t\t\t\t\t\t\t\t\t<\/div>\n\t\t\t\t\t<\/div>\n\t\t<\/div>\n\t\t\t\t<div class=\"elementor-column elementor-col-66 elementor-inner-column elementor-element elementor-element-b9c65fb\" data-id=\"b9c65fb\" data-element_type=\"column\" data-e-type=\"column\">\n\t\t\t<div class=\"elementor-widget-wrap elementor-element-populated\">\n\t\t\t\t\t\t<div class=\"elementor-element elementor-element-29eef28 elementor-widget elementor-widget-text-editor\" data-id=\"29eef28\" data-element_type=\"widget\" data-e-type=\"widget\" data-widget_type=\"text-editor.default\">\n\t\t\t\t\t\t\t\t\t<p>Tr\u00eas dos s\u00f3cios do Patrimonium s\u00e3o ex-presidentes da <strong>PrimeGlobal Latin America<\/strong>.<br \/><strong>PrimeGlobal<\/strong>, Associa\u00e7\u00e3o Internacional de empresas de consultoria e contabilidade, premiada como a associa\u00e7\u00e3o do ano em 2020, 2022 e 2023. Composta por mais de 300 empresas independentes de sucesso em mais de 112 pa\u00edses. A PrimeGlobal abriga um total combinado de mais de 3.400 parceiros, mais de 34.000 funcion\u00e1rios e uma receita combinada de mais de US$ 3,9 bilh\u00f5es.<\/p>\n\t\t\t\t\t\t\t\t<\/div>\n\t\t\t\t\t<\/div>\n\t\t<\/div>\n\t\t\t\t\t<\/div>\n\t\t<\/section>\n\t\t\t\t\t<\/div>\n\t\t<\/div>\n\t\t\t\t\t<\/div>\n\t\t<\/section>\n\t\t\t\t<\/div>\n\t\t","protected":false},"excerpt":{"rendered":"<p>Vargas &amp; Associates International Group Estados Unidos (escrit\u00f3rio principal), M\u00e9xico, Colombia y Brasil Pessoa de contato: Jairo Vargas &#8211; jairo@patrimonium.co \u2013 (Ingl\u00eas, Espanhol) Oferecendo toda uma alternativa de solu\u00e7\u00f5es em consultoria empresarial e assessoria corporativa para empresas, fam\u00edlias e empreendedores que buscam ingressar no mercado americano. Traust Accounting &amp; Legal Firm M\u00e9xico (escrit\u00f3rio principal), Centro<\/p>\n","protected":false},"author":2,"featured_media":0,"parent":0,"menu_order":0,"comment_status":"closed","ping_status":"closed","template":"","meta":{"footnotes":""},"class_list":["post-10672","page","type-page","status-publish","hentry"],"yoast_head":"<!-- This site is optimized with the Yoast SEO plugin v27.3 - https:\/\/yoast.com\/product\/yoast-seo-wordpress\/ -->\n<title>Nossos S\u00f3cios - Patrimonium<\/title>\n<meta name=\"robots\" content=\"index, follow, max-snippet:-1, max-image-preview:large, max-video-preview:-1\" \/>\n<link rel=\"canonical\" href=\"https:\/\/patrimonium.co\/pt-br\/nossos-socios\/\" \/>\n<meta property=\"og:locale\" content=\"pt_BR\" \/>\n<meta property=\"og:type\" content=\"article\" \/>\n<meta property=\"og:title\" content=\"Nossos S\u00f3cios - Patrimonium\" \/>\n<meta property=\"og:description\" content=\"Vargas &amp; Associates International Group Estados Unidos (escrit\u00f3rio principal), M\u00e9xico, Colombia y Brasil Pessoa de contato: Jairo Vargas &#8211; jairo@patrimonium.co \u2013 (Ingl\u00eas, Espanhol) Oferecendo toda uma alternativa de solu\u00e7\u00f5es em consultoria empresarial e assessoria corporativa para empresas, fam\u00edlias e empreendedores que buscam ingressar no mercado americano. Traust Accounting &amp; Legal Firm M\u00e9xico (escrit\u00f3rio principal), Centro\" \/>\n<meta property=\"og:url\" content=\"https:\/\/patrimonium.co\/pt-br\/nossos-socios\/\" \/>\n<meta property=\"og:site_name\" content=\"Patrimonium\" \/>\n<meta property=\"article:modified_time\" content=\"2023-11-15T20:08:04+00:00\" \/>\n<meta property=\"og:image\" content=\"https:\/\/patrimonium.co\/wp-content\/uploads\/elementor\/thumbs\/jairo-logo-2-qbbyaz94ptgezclrgdjgrte31u8hq4zrffhb4b7ads.png\" \/>\n<meta name=\"twitter:card\" content=\"summary_large_image\" \/>\n<meta name=\"twitter:label1\" content=\"Est. tempo de leitura\" \/>\n\t<meta name=\"twitter:data1\" content=\"2 minutos\" \/>\n<script type=\"application\/ld+json\" class=\"yoast-schema-graph\">{\"@context\":\"https:\\\/\\\/schema.org\",\"@graph\":[{\"@type\":\"WebPage\",\"@id\":\"https:\\\/\\\/patrimonium.co\\\/pt-br\\\/nossos-socios\\\/\",\"url\":\"https:\\\/\\\/patrimonium.co\\\/pt-br\\\/nossos-socios\\\/\",\"name\":\"Nossos S\u00f3cios - Patrimonium\",\"isPartOf\":{\"@id\":\"https:\\\/\\\/patrimonium.co\\\/#website\"},\"primaryImageOfPage\":{\"@id\":\"https:\\\/\\\/patrimonium.co\\\/pt-br\\\/nossos-socios\\\/#primaryimage\"},\"image\":{\"@id\":\"https:\\\/\\\/patrimonium.co\\\/pt-br\\\/nossos-socios\\\/#primaryimage\"},\"thumbnailUrl\":\"https:\\\/\\\/patrimonium.co\\\/wp-content\\\/uploads\\\/elementor\\\/thumbs\\\/jairo-logo-2-qbbyaz94ptgezclrgdjgrte31u8hq4zrffhb4b7ads.png\",\"datePublished\":\"2023-08-23T10:23:41+00:00\",\"dateModified\":\"2023-11-15T20:08:04+00:00\",\"breadcrumb\":{\"@id\":\"https:\\\/\\\/patrimonium.co\\\/pt-br\\\/nossos-socios\\\/#breadcrumb\"},\"inLanguage\":\"pt-BR\",\"potentialAction\":[{\"@type\":\"ReadAction\",\"target\":[\"https:\\\/\\\/patrimonium.co\\\/pt-br\\\/nossos-socios\\\/\"]}]},{\"@type\":\"ImageObject\",\"inLanguage\":\"pt-BR\",\"@id\":\"https:\\\/\\\/patrimonium.co\\\/pt-br\\\/nossos-socios\\\/#primaryimage\",\"url\":\"https:\\\/\\\/patrimonium.co\\\/wp-content\\\/uploads\\\/elementor\\\/thumbs\\\/jairo-logo-2-qbbyaz94ptgezclrgdjgrte31u8hq4zrffhb4b7ads.png\",\"contentUrl\":\"https:\\\/\\\/patrimonium.co\\\/wp-content\\\/uploads\\\/elementor\\\/thumbs\\\/jairo-logo-2-qbbyaz94ptgezclrgdjgrte31u8hq4zrffhb4b7ads.png\"},{\"@type\":\"BreadcrumbList\",\"@id\":\"https:\\\/\\\/patrimonium.co\\\/pt-br\\\/nossos-socios\\\/#breadcrumb\",\"itemListElement\":[{\"@type\":\"ListItem\",\"position\":1,\"name\":\"Portada\",\"item\":\"https:\\\/\\\/patrimonium.co\\\/\"},{\"@type\":\"ListItem\",\"position\":2,\"name\":\"Nossos S\u00f3cios\"}]},{\"@type\":\"WebSite\",\"@id\":\"https:\\\/\\\/patrimonium.co\\\/#website\",\"url\":\"https:\\\/\\\/patrimonium.co\\\/\",\"name\":\"Patrimonium\",\"description\":\"USA\",\"publisher\":{\"@id\":\"https:\\\/\\\/patrimonium.co\\\/#organization\"},\"potentialAction\":[{\"@type\":\"SearchAction\",\"target\":{\"@type\":\"EntryPoint\",\"urlTemplate\":\"https:\\\/\\\/patrimonium.co\\\/?s={search_term_string}\"},\"query-input\":{\"@type\":\"PropertyValueSpecification\",\"valueRequired\":true,\"valueName\":\"search_term_string\"}}],\"inLanguage\":\"pt-BR\"},{\"@type\":\"Organization\",\"@id\":\"https:\\\/\\\/patrimonium.co\\\/#organization\",\"name\":\"Patrimonium\",\"url\":\"https:\\\/\\\/patrimonium.co\\\/\",\"logo\":{\"@type\":\"ImageObject\",\"inLanguage\":\"pt-BR\",\"@id\":\"https:\\\/\\\/patrimonium.co\\\/#\\\/schema\\\/logo\\\/image\\\/\",\"url\":\"https:\\\/\\\/patrimonium.co\\\/wp-content\\\/uploads\\\/2023\\\/07\\\/pa-logo-160.png\",\"contentUrl\":\"https:\\\/\\\/patrimonium.co\\\/wp-content\\\/uploads\\\/2023\\\/07\\\/pa-logo-160.png\",\"width\":160,\"height\":35,\"caption\":\"Patrimonium\"},\"image\":{\"@id\":\"https:\\\/\\\/patrimonium.co\\\/#\\\/schema\\\/logo\\\/image\\\/\"}}]}<\/script>\n<!-- \/ Yoast SEO plugin. -->","yoast_head_json":{"title":"Nossos S\u00f3cios - Patrimonium","robots":{"index":"index","follow":"follow","max-snippet":"max-snippet:-1","max-image-preview":"max-image-preview:large","max-video-preview":"max-video-preview:-1"},"canonical":"https:\/\/patrimonium.co\/pt-br\/nossos-socios\/","og_locale":"pt_BR","og_type":"article","og_title":"Nossos S\u00f3cios - Patrimonium","og_description":"Vargas &amp; Associates International Group Estados Unidos (escrit\u00f3rio principal), M\u00e9xico, Colombia y Brasil Pessoa de contato: Jairo Vargas &#8211; jairo@patrimonium.co \u2013 (Ingl\u00eas, Espanhol) Oferecendo toda uma alternativa de solu\u00e7\u00f5es em consultoria empresarial e assessoria corporativa para empresas, fam\u00edlias e empreendedores que buscam ingressar no mercado americano. Traust Accounting &amp; Legal Firm M\u00e9xico (escrit\u00f3rio principal), Centro","og_url":"https:\/\/patrimonium.co\/pt-br\/nossos-socios\/","og_site_name":"Patrimonium","article_modified_time":"2023-11-15T20:08:04+00:00","og_image":[{"url":"https:\/\/patrimonium.co\/wp-content\/uploads\/elementor\/thumbs\/jairo-logo-2-qbbyaz94ptgezclrgdjgrte31u8hq4zrffhb4b7ads.png","type":"","width":"","height":""}],"twitter_card":"summary_large_image","twitter_misc":{"Est. tempo de leitura":"2 minutos"},"schema":{"@context":"https:\/\/schema.org","@graph":[{"@type":"WebPage","@id":"https:\/\/patrimonium.co\/pt-br\/nossos-socios\/","url":"https:\/\/patrimonium.co\/pt-br\/nossos-socios\/","name":"Nossos S\u00f3cios - Patrimonium","isPartOf":{"@id":"https:\/\/patrimonium.co\/#website"},"primaryImageOfPage":{"@id":"https:\/\/patrimonium.co\/pt-br\/nossos-socios\/#primaryimage"},"image":{"@id":"https:\/\/patrimonium.co\/pt-br\/nossos-socios\/#primaryimage"},"thumbnailUrl":"https:\/\/patrimonium.co\/wp-content\/uploads\/elementor\/thumbs\/jairo-logo-2-qbbyaz94ptgezclrgdjgrte31u8hq4zrffhb4b7ads.png","datePublished":"2023-08-23T10:23:41+00:00","dateModified":"2023-11-15T20:08:04+00:00","breadcrumb":{"@id":"https:\/\/patrimonium.co\/pt-br\/nossos-socios\/#breadcrumb"},"inLanguage":"pt-BR","potentialAction":[{"@type":"ReadAction","target":["https:\/\/patrimonium.co\/pt-br\/nossos-socios\/"]}]},{"@type":"ImageObject","inLanguage":"pt-BR","@id":"https:\/\/patrimonium.co\/pt-br\/nossos-socios\/#primaryimage","url":"https:\/\/patrimonium.co\/wp-content\/uploads\/elementor\/thumbs\/jairo-logo-2-qbbyaz94ptgezclrgdjgrte31u8hq4zrffhb4b7ads.png","contentUrl":"https:\/\/patrimonium.co\/wp-content\/uploads\/elementor\/thumbs\/jairo-logo-2-qbbyaz94ptgezclrgdjgrte31u8hq4zrffhb4b7ads.png"},{"@type":"BreadcrumbList","@id":"https:\/\/patrimonium.co\/pt-br\/nossos-socios\/#breadcrumb","itemListElement":[{"@type":"ListItem","position":1,"name":"Portada","item":"https:\/\/patrimonium.co\/"},{"@type":"ListItem","position":2,"name":"Nossos S\u00f3cios"}]},{"@type":"WebSite","@id":"https:\/\/patrimonium.co\/#website","url":"https:\/\/patrimonium.co\/","name":"Patrimonium","description":"USA","publisher":{"@id":"https:\/\/patrimonium.co\/#organization"},"potentialAction":[{"@type":"SearchAction","target":{"@type":"EntryPoint","urlTemplate":"https:\/\/patrimonium.co\/?s={search_term_string}"},"query-input":{"@type":"PropertyValueSpecification","valueRequired":true,"valueName":"search_term_string"}}],"inLanguage":"pt-BR"},{"@type":"Organization","@id":"https:\/\/patrimonium.co\/#organization","name":"Patrimonium","url":"https:\/\/patrimonium.co\/","logo":{"@type":"ImageObject","inLanguage":"pt-BR","@id":"https:\/\/patrimonium.co\/#\/schema\/logo\/image\/","url":"https:\/\/patrimonium.co\/wp-content\/uploads\/2023\/07\/pa-logo-160.png","contentUrl":"https:\/\/patrimonium.co\/wp-content\/uploads\/2023\/07\/pa-logo-160.png","width":160,"height":35,"caption":"Patrimonium"},"image":{"@id":"https:\/\/patrimonium.co\/#\/schema\/logo\/image\/"}}]}},"_links":{"self":[{"href":"https:\/\/patrimonium.co\/pt-br\/wp-json\/wp\/v2\/pages\/10672","targetHints":{"allow":["GET"]}}],"collection":[{"href":"https:\/\/patrimonium.co\/pt-br\/wp-json\/wp\/v2\/pages"}],"about":[{"href":"https:\/\/patrimonium.co\/pt-br\/wp-json\/wp\/v2\/types\/page"}],"author":[{"embeddable":true,"href":"https:\/\/patrimonium.co\/pt-br\/wp-json\/wp\/v2\/users\/2"}],"replies":[{"embeddable":true,"href":"https:\/\/patrimonium.co\/pt-br\/wp-json\/wp\/v2\/comments?post=10672"}],"version-history":[{"count":10,"href":"https:\/\/patrimonium.co\/pt-br\/wp-json\/wp\/v2\/pages\/10672\/revisions"}],"predecessor-version":[{"id":10984,"href":"https:\/\/patrimonium.co\/pt-br\/wp-json\/wp\/v2\/pages\/10672\/revisions\/10984"}],"wp:attachment":[{"href":"https:\/\/patrimonium.co\/pt-br\/wp-json\/wp\/v2\/media?parent=10672"}],"curies":[{"name":"wp","href":"https:\/\/api.w.org\/{rel}","templated":true}]}}