{"id":11774,"date":"2026-04-10T14:51:45","date_gmt":"2026-04-10T14:51:45","guid":{"rendered":"https:\/\/patrimonium.co\/?page_id=11774"},"modified":"2026-04-10T15:29:36","modified_gmt":"2026-04-10T15:29:36","slug":"aliados-estrategicos","status":"publish","type":"page","link":"https:\/\/patrimonium.co\/pt-br\/aliados-estrategicos\/","title":{"rendered":"Aliados Estrat\u00e9gicos"},"content":{"rendered":"\t\t<div data-elementor-type=\"wp-page\" data-elementor-id=\"11774\" class=\"elementor elementor-11774 elementor-11730\">\n\t\t\t\t\t\t<section class=\"elementor-section elementor-top-section elementor-element elementor-element-f6d084b elementor-section-boxed elementor-section-height-default elementor-section-height-default\" data-id=\"f6d084b\" data-element_type=\"section\" data-e-type=\"section\" data-settings=\"{&quot;background_background&quot;:&quot;classic&quot;}\">\n\t\t\t\t\t\t<div class=\"elementor-container elementor-column-gap-wider\">\n\t\t\t\t\t<div class=\"elementor-column elementor-col-50 elementor-top-column elementor-element elementor-element-f6d0d8c\" data-id=\"f6d0d8c\" data-element_type=\"column\" data-e-type=\"column\">\n\t\t\t<div class=\"elementor-widget-wrap elementor-element-populated\">\n\t\t\t\t\t\t<div class=\"elementor-element elementor-element-15846ea elementor-widget elementor-widget-vc_custom_heading\" data-id=\"15846ea\" data-element_type=\"widget\" data-e-type=\"widget\" data-widget_type=\"vc_custom_heading.default\">\n\t\t\t\t<div class=\"elementor-widget-container\">\n\t\t\t\t\t<div class=\" vc_custom_heading  consulting_heading_font  text_align_center\" ><h1 style=\"font-size: 42px;text-align: center;line-height: 48px;font-weight:700\" class=\"consulting-custom-title\">Uma Alian\u00e7a Estrat\u00e9gica para o Crescimento Global\n<\/h1><\/div>\t\t\t\t<\/div>\n\t\t\t\t<\/div>\n\t\t\t\t<div class=\"elementor-element elementor-element-f6d13c7 elementor-widget elementor-widget-text-editor\" data-id=\"f6d13c7\" data-element_type=\"widget\" data-e-type=\"widget\" data-widget_type=\"text-editor.default\">\n\t\t\t\t\t\t\t\t\t<p>A Blue Beacon e a Patrimonium unem for\u00e7as para ajudar as empresas a expandir com confian\u00e7a.<\/p>\n\t\t\t\t\t\t\t\t<\/div>\n\t\t\t\t<div class=\"elementor-element elementor-element-aa126d0 elementor-widget elementor-widget-text-editor\" data-id=\"aa126d0\" data-element_type=\"widget\" data-e-type=\"widget\" data-widget_type=\"text-editor.default\">\n\t\t\t\t\t\t\t\t\t<p>A Blue Beacon conecta empresas com as oportunidades, parceiros e tomadores de decis\u00e3o certos em mercados internacionais.<\/p>\n<p>A Patrimonium fornece a estrutura jur\u00eddica, tribut\u00e1ria e corporativa necess\u00e1ria para operar com seguran\u00e7a e efici\u00eancia nos Estados Unidos.<\/p>\n<p>Juntos, oferecemos um caminho claro para empresas que buscam crescimento internacional com o acesso e a base adequados.<\/p>\n\t\t\t\t\t\t\t\t<\/div>\n\t\t\t\t\t<\/div>\n\t\t<\/div>\n\t\t\t\t<div class=\"elementor-column elementor-col-50 elementor-top-column elementor-element elementor-element-adad5f2\" data-id=\"adad5f2\" data-element_type=\"column\" data-e-type=\"column\">\n\t\t\t<div class=\"elementor-widget-wrap elementor-element-populated\">\n\t\t\t\t\t\t<div class=\"elementor-element elementor-element-83dfff2 elementor-widget elementor-widget-image\" data-id=\"83dfff2\" data-element_type=\"widget\" data-e-type=\"widget\" data-widget_type=\"image.default\">\n\t\t\t\t\t\t\t\t\t\t\t\t\t\t\t\t<a href=\"https:\/\/bluebeacon.co\/\">\n\t\t\t\t\t\t\t<img fetchpriority=\"high\" decoding=\"async\" width=\"1740\" height=\"560\" src=\"https:\/\/patrimonium.co\/wp-content\/uploads\/2026\/04\/logo_bluebeacon-e1775833229969.png\" class=\"attachment-full size-full wp-image-11735\" alt=\"\" srcset=\"https:\/\/patrimonium.co\/wp-content\/uploads\/2026\/04\/logo_bluebeacon-e1775833229969.png 1740w, https:\/\/patrimonium.co\/wp-content\/uploads\/2026\/04\/logo_bluebeacon-e1775833229969-300x97.png 300w, https:\/\/patrimonium.co\/wp-content\/uploads\/2026\/04\/logo_bluebeacon-e1775833229969-1024x330.png 1024w, https:\/\/patrimonium.co\/wp-content\/uploads\/2026\/04\/logo_bluebeacon-e1775833229969-768x247.png 768w, https:\/\/patrimonium.co\/wp-content\/uploads\/2026\/04\/logo_bluebeacon-e1775833229969-1536x494.png 1536w, https:\/\/patrimonium.co\/wp-content\/uploads\/2026\/04\/logo_bluebeacon-e1775833229969-900x290.png 900w\" sizes=\"(max-width: 1740px) 100vw, 1740px\" \/>\t\t\t\t\t\t\t\t<\/a>\n\t\t\t\t\t\t\t\t\t\t\t\t\t\t\t<\/div>\n\t\t\t\t<div class=\"elementor-element elementor-element-c1e01d3 elementor-widget elementor-widget-text-editor\" data-id=\"c1e01d3\" data-element_type=\"widget\" data-e-type=\"widget\" data-widget_type=\"text-editor.default\">\n\t\t\t\t\t\t\t\t\t<p>Orientando empresas com integridade em diversos setores. Um parceiro confi\u00e1vel na expans\u00e3o global.<\/p>\n\t\t\t\t\t\t\t\t<\/div>\n\t\t\t\t<div class=\"elementor-element elementor-element-b8ad22c elementor-widget__width-auto elementor-align-center elementor-widget elementor-widget-button\" data-id=\"b8ad22c\" data-element_type=\"widget\" data-e-type=\"widget\" data-widget_type=\"button.default\">\n\t\t\t\t\t\t\t\t\t\t<a class=\"elementor-button elementor-button-link elementor-size-lg\" href=\"https:\/\/bluebeacon.co\/\">\n\t\t\t\t\t\t<span class=\"elementor-button-content-wrapper\">\n\t\t\t\t\t\t<span class=\"elementor-button-icon\">\n\t\t\t\t<i aria-hidden=\"true\" class=\"stm-amsterdam-arrow\"><\/i>\t\t\t<\/span>\n\t\t\t\t\t\t\t\t\t<span class=\"elementor-button-text\">Descubra mais sobre a Blue Beacon aqui.<\/span>\n\t\t\t\t\t<\/span>\n\t\t\t\t\t<\/a>\n\t\t\t\t\t\t\t\t<\/div>\n\t\t\t\t\t<\/div>\n\t\t<\/div>\n\t\t\t\t\t<\/div>\n\t\t<\/section>\n\t\t\t\t<section class=\"elementor-section elementor-top-section elementor-element elementor-element-944dfff elementor-section-full_width elementor-section-height-default elementor-section-height-default\" data-id=\"944dfff\" data-element_type=\"section\" data-e-type=\"section\" data-settings=\"{&quot;background_background&quot;:&quot;classic&quot;}\">\n\t\t\t\t\t\t<div class=\"elementor-container elementor-column-gap-default\">\n\t\t\t\t\t<div class=\"elementor-column elementor-col-25 elementor-top-column elementor-element elementor-element-6a898bd\" data-id=\"6a898bd\" data-element_type=\"column\" data-e-type=\"column\">\n\t\t\t<div class=\"elementor-widget-wrap elementor-element-populated\">\n\t\t\t\t\t\t<div class=\"elementor-element elementor-element-ecd4a9a elementor-widget elementor-widget-stm_icon_box\" data-id=\"ecd4a9a\" data-element_type=\"widget\" data-e-type=\"widget\" data-widget_type=\"stm_icon_box.default\">\n\t\t\t\t<div class=\"elementor-widget-container\">\n\t\t\t\t\t\n\n\n            <div onClick=\"return true\" class=\"icon_box  elementor-consulting-icon-box style_1 icon_left clearfix\">\n                <div class=\"icon  font-color_custom font-color_base_bg\" style=\"width:70px\">\n            <i style=\"font-size: 20px;color: #ffffff;  width: 50px; height: 50px; display: flex; align-items: center; justify-content: center;\"\n               class=\"far fa-check-circle\"><\/i><\/div>\n        <div class=\"icon_text\">\n                    <h5  class=\"font-color_base\">Acesso ao mercado global\n<\/h5>\n                <p>Ajudamos empresas a se conectarem com as pessoas, os mercados e as oportunidades certas em todo o mundo.<\/p>\n    <\/div>\n            <\/div>\n    \n\t\t\t\t<\/div>\n\t\t\t\t<\/div>\n\t\t\t\t\t<\/div>\n\t\t<\/div>\n\t\t\t\t<div class=\"elementor-column elementor-col-25 elementor-top-column elementor-element elementor-element-f9286c0\" data-id=\"f9286c0\" data-element_type=\"column\" data-e-type=\"column\">\n\t\t\t<div class=\"elementor-widget-wrap elementor-element-populated\">\n\t\t\t\t\t\t<div class=\"elementor-element elementor-element-bf3a907 elementor-widget elementor-widget-stm_icon_box\" data-id=\"bf3a907\" data-element_type=\"widget\" data-e-type=\"widget\" data-widget_type=\"stm_icon_box.default\">\n\t\t\t\t<div class=\"elementor-widget-container\">\n\t\t\t\t\t\n\n\n            <div onClick=\"return true\" class=\"icon_box  elementor-consulting-icon-box style_1 icon_left clearfix\">\n                <div class=\"icon  font-color_custom font-color_base_bg\" style=\"width:70px\">\n            <i style=\"font-size: 20px;color: #ffffff;  width: 50px; height: 50px; display: flex; align-items: center; justify-content: center;\"\n               class=\"far fa-check-circle\"><\/i><\/div>\n        <div class=\"icon_text\">\n                    <h5  class=\"font-color_base\">Estrutura\u00e7\u00e3o nos EUA\n<\/h5>\n                <p>N\u00f3s nos esfor\u00e7amos para ser uma empresa \u00e9tica e honesta, mantemos relacionamentos de longo prazo com nossos clientes e as recomenda\u00e7\u00f5es que recebemos refletem nosso compromisso em ser um bom parceiro estrat\u00e9gico.<\/p>\n    <\/div>\n            <\/div>\n    \n\t\t\t\t<\/div>\n\t\t\t\t<\/div>\n\t\t\t\t\t<\/div>\n\t\t<\/div>\n\t\t\t\t<div class=\"elementor-column elementor-col-25 elementor-top-column elementor-element elementor-element-b8bf3bf\" data-id=\"b8bf3bf\" data-element_type=\"column\" data-e-type=\"column\">\n\t\t\t<div class=\"elementor-widget-wrap elementor-element-populated\">\n\t\t\t\t\t\t<div class=\"elementor-element elementor-element-05762f8 elementor-widget elementor-widget-stm_icon_box\" data-id=\"05762f8\" data-element_type=\"widget\" data-e-type=\"widget\" data-widget_type=\"stm_icon_box.default\">\n\t\t\t\t<div class=\"elementor-widget-container\">\n\t\t\t\t\t\n\n\n            <div onClick=\"return true\" class=\"icon_box  elementor-consulting-icon-box style_1 icon_left clearfix\">\n                <div class=\"icon  font-color_custom font-color_base_bg\" style=\"width:70px\">\n            <i style=\"font-size: 20px;color: #ffffff;  width: 50px; height: 50px; display: flex; align-items: center; justify-content: center;\"\n               class=\"far fa-check-circle\"><\/i><\/div>\n        <div class=\"icon_text\">\n                    <h5  class=\"font-color_base\">Expans\u00e3o Estrat\u00e9gica\n<\/h5>\n                <p>Apoiamos empresas na entrada em novos mercados, no crescimento internacional e na expans\u00e3o a longo prazo.<\/p>\n    <\/div>\n            <\/div>\n    \n\t\t\t\t<\/div>\n\t\t\t\t<\/div>\n\t\t\t\t\t<\/div>\n\t\t<\/div>\n\t\t\t\t<div class=\"elementor-column elementor-col-25 elementor-top-column elementor-element elementor-element-f764183\" data-id=\"f764183\" data-element_type=\"column\" data-e-type=\"column\">\n\t\t\t<div class=\"elementor-widget-wrap elementor-element-populated\">\n\t\t\t\t\t\t<div class=\"elementor-element elementor-element-cc4cd81 elementor-widget elementor-widget-stm_icon_box\" data-id=\"cc4cd81\" data-element_type=\"widget\" data-e-type=\"widget\" data-widget_type=\"stm_icon_box.default\">\n\t\t\t\t<div class=\"elementor-widget-container\">\n\t\t\t\t\t\n\n\n            <div onClick=\"return true\" class=\"icon_box  elementor-consulting-icon-box style_1 icon_left clearfix\">\n                <div class=\"icon  font-color_custom font-color_base_bg\" style=\"width:70px\">\n            <i style=\"font-size: 20px;color: #ffffff;  width: 50px; height: 50px; display: flex; align-items: center; justify-content: center;\"\n               class=\"far fa-check-circle\"><\/i><\/div>\n        <div class=\"icon_text\">\n                    <h5  class=\"font-color_base\">Orienta\u00e7\u00e3o confi\u00e1vel\n<\/h5>\n                <p>N\u00f3s nos esfor\u00e7amos para ser uma empresa \u00e9tica e honesta, mantemos relacionamentos de longo prazo com nossos clientes e as recomenda\u00e7\u00f5es que recebemos refletem nosso compromisso em ser um bom parceiro estrat\u00e9gico.<\/p>\n    <\/div>\n            <\/div>\n    \n\t\t\t\t<\/div>\n\t\t\t\t<\/div>\n\t\t\t\t\t<\/div>\n\t\t<\/div>\n\t\t\t\t\t<\/div>\n\t\t<\/section>\n\t\t\t\t<section class=\"elementor-section elementor-top-section elementor-element elementor-element-fbd0bca elementor-section-boxed elementor-section-height-default elementor-section-height-default\" data-id=\"fbd0bca\" data-element_type=\"section\" data-e-type=\"section\">\n\t\t\t\t\t\t<div class=\"elementor-container elementor-column-gap-default\">\n\t\t\t\t\t<div class=\"elementor-column elementor-col-100 elementor-top-column elementor-element elementor-element-abb989b\" data-id=\"abb989b\" data-element_type=\"column\" data-e-type=\"column\">\n\t\t\t<div class=\"elementor-widget-wrap elementor-element-populated\">\n\t\t\t\t\t\t<div class=\"elementor-element elementor-element-5d39d42 elementor-widget-divider--view-line elementor-widget elementor-widget-divider\" data-id=\"5d39d42\" data-element_type=\"widget\" data-e-type=\"widget\" data-widget_type=\"divider.default\">\n\t\t\t\t\t\t\t<div class=\"elementor-divider\">\n\t\t\t<span class=\"elementor-divider-separator\">\n\t\t\t\t\t\t<\/span>\n\t\t<\/div>\n\t\t\t\t\t\t<\/div>\n\t\t\t\t\t<\/div>\n\t\t<\/div>\n\t\t\t\t\t<\/div>\n\t\t<\/section>\n\t\t\t\t<\/div>\n\t\t","protected":false},"excerpt":{"rendered":"<p>Uma Alian\u00e7a Estrat\u00e9gica para o Crescimento Global A Blue Beacon e a Patrimonium unem for\u00e7as para ajudar as empresas a expandir com confian\u00e7a. A Blue Beacon conecta empresas com as oportunidades, parceiros e tomadores de decis\u00e3o certos em mercados internacionais. A Patrimonium fornece a estrutura jur\u00eddica, tribut\u00e1ria e corporativa necess\u00e1ria para operar com seguran\u00e7a e<\/p>\n","protected":false},"author":1,"featured_media":0,"parent":0,"menu_order":0,"comment_status":"closed","ping_status":"closed","template":"","meta":{"footnotes":""},"class_list":["post-11774","page","type-page","status-publish","hentry"],"yoast_head":"<!-- This site is optimized with the Yoast SEO plugin v27.3 - https:\/\/yoast.com\/product\/yoast-seo-wordpress\/ -->\n<title>Aliados Estrat\u00e9gicos - Patrimonium<\/title>\n<meta name=\"robots\" content=\"index, follow, max-snippet:-1, max-image-preview:large, max-video-preview:-1\" \/>\n<link rel=\"canonical\" href=\"https:\/\/patrimonium.co\/pt-br\/aliados-estrategicos\/\" \/>\n<meta property=\"og:locale\" content=\"pt_BR\" \/>\n<meta property=\"og:type\" content=\"article\" \/>\n<meta property=\"og:title\" content=\"Aliados Estrat\u00e9gicos - Patrimonium\" \/>\n<meta property=\"og:description\" content=\"Uma Alian\u00e7a Estrat\u00e9gica para o Crescimento Global A Blue Beacon e a Patrimonium unem for\u00e7as para ajudar as empresas a expandir com confian\u00e7a. A Blue Beacon conecta empresas com as oportunidades, parceiros e tomadores de decis\u00e3o certos em mercados internacionais. A Patrimonium fornece a estrutura jur\u00eddica, tribut\u00e1ria e corporativa necess\u00e1ria para operar com seguran\u00e7a e\" \/>\n<meta property=\"og:url\" content=\"https:\/\/patrimonium.co\/pt-br\/aliados-estrategicos\/\" \/>\n<meta property=\"og:site_name\" content=\"Patrimonium\" \/>\n<meta property=\"article:modified_time\" content=\"2026-04-10T15:29:36+00:00\" \/>\n<meta property=\"og:image\" content=\"https:\/\/patrimonium.co\/wp-content\/uploads\/2026\/04\/logo_bluebeacon-e1775833229969.png\" \/>\n\t<meta property=\"og:image:width\" content=\"1740\" \/>\n\t<meta property=\"og:image:height\" content=\"560\" \/>\n\t<meta property=\"og:image:type\" content=\"image\/png\" \/>\n<meta name=\"twitter:card\" content=\"summary_large_image\" \/>\n<meta name=\"twitter:label1\" content=\"Est. tempo de leitura\" \/>\n\t<meta name=\"twitter:data1\" content=\"1 minuto\" \/>\n<script type=\"application\/ld+json\" class=\"yoast-schema-graph\">{\"@context\":\"https:\\\/\\\/schema.org\",\"@graph\":[{\"@type\":\"WebPage\",\"@id\":\"https:\\\/\\\/patrimonium.co\\\/pt-br\\\/aliados-estrategicos\\\/\",\"url\":\"https:\\\/\\\/patrimonium.co\\\/pt-br\\\/aliados-estrategicos\\\/\",\"name\":\"Aliados Estrat\u00e9gicos - Patrimonium\",\"isPartOf\":{\"@id\":\"https:\\\/\\\/patrimonium.co\\\/#website\"},\"primaryImageOfPage\":{\"@id\":\"https:\\\/\\\/patrimonium.co\\\/pt-br\\\/aliados-estrategicos\\\/#primaryimage\"},\"image\":{\"@id\":\"https:\\\/\\\/patrimonium.co\\\/pt-br\\\/aliados-estrategicos\\\/#primaryimage\"},\"thumbnailUrl\":\"https:\\\/\\\/patrimonium.co\\\/wp-content\\\/uploads\\\/2026\\\/04\\\/logo_bluebeacon-e1775833229969.png\",\"datePublished\":\"2026-04-10T14:51:45+00:00\",\"dateModified\":\"2026-04-10T15:29:36+00:00\",\"breadcrumb\":{\"@id\":\"https:\\\/\\\/patrimonium.co\\\/pt-br\\\/aliados-estrategicos\\\/#breadcrumb\"},\"inLanguage\":\"pt-BR\",\"potentialAction\":[{\"@type\":\"ReadAction\",\"target\":[\"https:\\\/\\\/patrimonium.co\\\/pt-br\\\/aliados-estrategicos\\\/\"]}]},{\"@type\":\"ImageObject\",\"inLanguage\":\"pt-BR\",\"@id\":\"https:\\\/\\\/patrimonium.co\\\/pt-br\\\/aliados-estrategicos\\\/#primaryimage\",\"url\":\"https:\\\/\\\/patrimonium.co\\\/wp-content\\\/uploads\\\/2026\\\/04\\\/logo_bluebeacon-e1775833229969.png\",\"contentUrl\":\"https:\\\/\\\/patrimonium.co\\\/wp-content\\\/uploads\\\/2026\\\/04\\\/logo_bluebeacon-e1775833229969.png\"},{\"@type\":\"BreadcrumbList\",\"@id\":\"https:\\\/\\\/patrimonium.co\\\/pt-br\\\/aliados-estrategicos\\\/#breadcrumb\",\"itemListElement\":[{\"@type\":\"ListItem\",\"position\":1,\"name\":\"Portada\",\"item\":\"https:\\\/\\\/patrimonium.co\\\/\"},{\"@type\":\"ListItem\",\"position\":2,\"name\":\"Aliados Estrat\u00e9gicos\"}]},{\"@type\":\"WebSite\",\"@id\":\"https:\\\/\\\/patrimonium.co\\\/#website\",\"url\":\"https:\\\/\\\/patrimonium.co\\\/\",\"name\":\"Patrimonium\",\"description\":\"USA\",\"publisher\":{\"@id\":\"https:\\\/\\\/patrimonium.co\\\/#organization\"},\"potentialAction\":[{\"@type\":\"SearchAction\",\"target\":{\"@type\":\"EntryPoint\",\"urlTemplate\":\"https:\\\/\\\/patrimonium.co\\\/?s={search_term_string}\"},\"query-input\":{\"@type\":\"PropertyValueSpecification\",\"valueRequired\":true,\"valueName\":\"search_term_string\"}}],\"inLanguage\":\"pt-BR\"},{\"@type\":\"Organization\",\"@id\":\"https:\\\/\\\/patrimonium.co\\\/#organization\",\"name\":\"Patrimonium\",\"url\":\"https:\\\/\\\/patrimonium.co\\\/\",\"logo\":{\"@type\":\"ImageObject\",\"inLanguage\":\"pt-BR\",\"@id\":\"https:\\\/\\\/patrimonium.co\\\/#\\\/schema\\\/logo\\\/image\\\/\",\"url\":\"https:\\\/\\\/patrimonium.co\\\/wp-content\\\/uploads\\\/2023\\\/07\\\/pa-logo-160.png\",\"contentUrl\":\"https:\\\/\\\/patrimonium.co\\\/wp-content\\\/uploads\\\/2023\\\/07\\\/pa-logo-160.png\",\"width\":160,\"height\":35,\"caption\":\"Patrimonium\"},\"image\":{\"@id\":\"https:\\\/\\\/patrimonium.co\\\/#\\\/schema\\\/logo\\\/image\\\/\"}}]}<\/script>\n<!-- \/ Yoast SEO plugin. -->","yoast_head_json":{"title":"Aliados Estrat\u00e9gicos - Patrimonium","robots":{"index":"index","follow":"follow","max-snippet":"max-snippet:-1","max-image-preview":"max-image-preview:large","max-video-preview":"max-video-preview:-1"},"canonical":"https:\/\/patrimonium.co\/pt-br\/aliados-estrategicos\/","og_locale":"pt_BR","og_type":"article","og_title":"Aliados Estrat\u00e9gicos - Patrimonium","og_description":"Uma Alian\u00e7a Estrat\u00e9gica para o Crescimento Global A Blue Beacon e a Patrimonium unem for\u00e7as para ajudar as empresas a expandir com confian\u00e7a. A Blue Beacon conecta empresas com as oportunidades, parceiros e tomadores de decis\u00e3o certos em mercados internacionais. A Patrimonium fornece a estrutura jur\u00eddica, tribut\u00e1ria e corporativa necess\u00e1ria para operar com seguran\u00e7a e","og_url":"https:\/\/patrimonium.co\/pt-br\/aliados-estrategicos\/","og_site_name":"Patrimonium","article_modified_time":"2026-04-10T15:29:36+00:00","og_image":[{"width":1740,"height":560,"url":"https:\/\/patrimonium.co\/wp-content\/uploads\/2026\/04\/logo_bluebeacon-e1775833229969.png","type":"image\/png"}],"twitter_card":"summary_large_image","twitter_misc":{"Est. tempo de leitura":"1 minuto"},"schema":{"@context":"https:\/\/schema.org","@graph":[{"@type":"WebPage","@id":"https:\/\/patrimonium.co\/pt-br\/aliados-estrategicos\/","url":"https:\/\/patrimonium.co\/pt-br\/aliados-estrategicos\/","name":"Aliados Estrat\u00e9gicos - Patrimonium","isPartOf":{"@id":"https:\/\/patrimonium.co\/#website"},"primaryImageOfPage":{"@id":"https:\/\/patrimonium.co\/pt-br\/aliados-estrategicos\/#primaryimage"},"image":{"@id":"https:\/\/patrimonium.co\/pt-br\/aliados-estrategicos\/#primaryimage"},"thumbnailUrl":"https:\/\/patrimonium.co\/wp-content\/uploads\/2026\/04\/logo_bluebeacon-e1775833229969.png","datePublished":"2026-04-10T14:51:45+00:00","dateModified":"2026-04-10T15:29:36+00:00","breadcrumb":{"@id":"https:\/\/patrimonium.co\/pt-br\/aliados-estrategicos\/#breadcrumb"},"inLanguage":"pt-BR","potentialAction":[{"@type":"ReadAction","target":["https:\/\/patrimonium.co\/pt-br\/aliados-estrategicos\/"]}]},{"@type":"ImageObject","inLanguage":"pt-BR","@id":"https:\/\/patrimonium.co\/pt-br\/aliados-estrategicos\/#primaryimage","url":"https:\/\/patrimonium.co\/wp-content\/uploads\/2026\/04\/logo_bluebeacon-e1775833229969.png","contentUrl":"https:\/\/patrimonium.co\/wp-content\/uploads\/2026\/04\/logo_bluebeacon-e1775833229969.png"},{"@type":"BreadcrumbList","@id":"https:\/\/patrimonium.co\/pt-br\/aliados-estrategicos\/#breadcrumb","itemListElement":[{"@type":"ListItem","position":1,"name":"Portada","item":"https:\/\/patrimonium.co\/"},{"@type":"ListItem","position":2,"name":"Aliados Estrat\u00e9gicos"}]},{"@type":"WebSite","@id":"https:\/\/patrimonium.co\/#website","url":"https:\/\/patrimonium.co\/","name":"Patrimonium","description":"USA","publisher":{"@id":"https:\/\/patrimonium.co\/#organization"},"potentialAction":[{"@type":"SearchAction","target":{"@type":"EntryPoint","urlTemplate":"https:\/\/patrimonium.co\/?s={search_term_string}"},"query-input":{"@type":"PropertyValueSpecification","valueRequired":true,"valueName":"search_term_string"}}],"inLanguage":"pt-BR"},{"@type":"Organization","@id":"https:\/\/patrimonium.co\/#organization","name":"Patrimonium","url":"https:\/\/patrimonium.co\/","logo":{"@type":"ImageObject","inLanguage":"pt-BR","@id":"https:\/\/patrimonium.co\/#\/schema\/logo\/image\/","url":"https:\/\/patrimonium.co\/wp-content\/uploads\/2023\/07\/pa-logo-160.png","contentUrl":"https:\/\/patrimonium.co\/wp-content\/uploads\/2023\/07\/pa-logo-160.png","width":160,"height":35,"caption":"Patrimonium"},"image":{"@id":"https:\/\/patrimonium.co\/#\/schema\/logo\/image\/"}}]}},"_links":{"self":[{"href":"https:\/\/patrimonium.co\/pt-br\/wp-json\/wp\/v2\/pages\/11774","targetHints":{"allow":["GET"]}}],"collection":[{"href":"https:\/\/patrimonium.co\/pt-br\/wp-json\/wp\/v2\/pages"}],"about":[{"href":"https:\/\/patrimonium.co\/pt-br\/wp-json\/wp\/v2\/types\/page"}],"author":[{"embeddable":true,"href":"https:\/\/patrimonium.co\/pt-br\/wp-json\/wp\/v2\/users\/1"}],"replies":[{"embeddable":true,"href":"https:\/\/patrimonium.co\/pt-br\/wp-json\/wp\/v2\/comments?post=11774"}],"version-history":[{"count":4,"href":"https:\/\/patrimonium.co\/pt-br\/wp-json\/wp\/v2\/pages\/11774\/revisions"}],"predecessor-version":[{"id":11778,"href":"https:\/\/patrimonium.co\/pt-br\/wp-json\/wp\/v2\/pages\/11774\/revisions\/11778"}],"wp:attachment":[{"href":"https:\/\/patrimonium.co\/pt-br\/wp-json\/wp\/v2\/media?parent=11774"}],"curies":[{"name":"wp","href":"https:\/\/api.w.org\/{rel}","templated":true}]}}